{"id":278,"date":"2023-06-17T09:02:28","date_gmt":"2023-06-17T09:02:28","guid":{"rendered":"https:\/\/ecoever.vn\/?post_type=product&#038;p=278"},"modified":"2024-04-02T09:35:50","modified_gmt":"2024-04-02T09:35:50","slug":"eev_b001","status":"publish","type":"product","link":"https:\/\/ecoever.vn\/vi\/eev_b001","title":{"rendered":"EEV_B001"},"content":{"rendered":"<p>S\u1ea3n ph\u1ea9m c\u1ee7a EEV c\u00f3 ngu\u1ed3n g\u1ed1c t\u1eeb b\u00e3 m\u00eda, r\u01a1m r\u1ea1, tre,&#8230; Do v\u1eady, \u0111\u00e2y l\u00e0 d\u00f2ng s\u1ea3n ph\u1ea9m n\u1eb1m trong chu\u1ed7i kinh t\u1ebf tu\u1ea7n ho\u00e0n, g\u00f3p ph\u1ea7n gi\u1ea3i quy\u1ebft s\u1ea3n ph\u1ea9m d\u01b0 th\u1eeba trong qu\u00e1 tr\u00ecnh s\u1ea3n xu\u1ea5t n\u00f4ng nghi\u1ec7p. T\u1eeb \u0111\u00e2y, ch\u00fang t\u00f4i c\u00f3 kh\u1ea3 n\u0103ng cung c\u1ea5p s\u1ea3n ph\u1ea9m ch\u1ea5t l\u01b0\u1ee3ng v\u1edbi gi\u00e1 th\u00e0nh h\u1ee3p l\u00fd, gi\u1ea3m t\u00e1c h\u1ea1i \u0111\u1ebfn m\u00f4i tr\u01b0\u1eddng t\u1eeb c\u00e1c ho\u1ea1t \u0111\u1ed9ng s\u1ea3n xu\u1ea5t c\u00f4ng n\u00f4ng nghi\u1ec7p kh\u00e1c.<\/p>\n<p><strong>C\u00e1c \u0111\u1eb7c \u0111i\u1ec3m \u01b0u vi\u1ec7t:<\/strong><\/p>\n<p>&#8211; T\u1ef1 hu\u1ef7 100% trong m\u00f4i tr\u01b0\u1eddng t\u1ef1 nhi\u00ean<\/p>\n<p>&#8211;\u00a0 An to\u00e0n v\u1edbi ng\u01b0\u1eddi s\u1eed d\u1ee5ng do kh\u00f4ng s\u1eed d\u1ee5ng ho\u00e1 ch\u1ea5t \u0111\u1ed9c h\u1ea1i trong qu\u00e1 tr\u00ecnh s\u1ea3n xu\u1ea5t<\/p>\n<p>&#8211; B\u1ea3o v\u1ec7 m\u00f4i tr\u01b0\u1eddng do d\u1eed d\u1ee5ng t\u00e0i nguy\u00ean t\u00e1i t\u1ea1o<\/p>\n<p>&#8211; D\u00f9ng \u0111\u01b0\u1ee3c cho \u0111\u1ed3 n\u00f3ng nh\u01b0: m\u1ef3, ph\u1edf, s\u00fap, bbq,\u2026<\/p>\n<p>&#8211; D\u00f9ng \u0111\u01b0\u1ee3c trong l\u00f2 vi s\u00f3ng<\/p>\n<p>&#8211; K\u00edch th\u01b0\u1edbc, ki\u1ec3u d\u00e1ng \u0111a d\u1ea1ng theo y\u00eau c\u1ea7u c\u1ee7a kh\u00e1ch h\u00e0ng<\/p>\n","protected":false},"excerpt":{"rendered":"<p>Description 7&#8243; 5&#8243; H C<\/p>\n<p>Weight (g) 20,0<\/p>\n<p>Specifications (mm) 181X135.9X44\/58.7<\/p>\n","protected":false},"featured_media":1394,"comment_status":"open","ping_status":"closed","template":"","meta":[],"product_cat":[20],"product_tag":[],"class_list":{"0":"post-278","1":"product","2":"type-product","3":"status-publish","4":"has-post-thumbnail","6":"product_cat-hop-chu-nhat","8":"first","9":"instock","10":"shipping-taxable","11":"product-type-simple"},"_links":{"self":[{"href":"https:\/\/ecoever.vn\/vi\/wp-json\/wp\/v2\/product\/278","targetHints":{"allow":["GET"]}}],"collection":[{"href":"https:\/\/ecoever.vn\/vi\/wp-json\/wp\/v2\/product"}],"about":[{"href":"https:\/\/ecoever.vn\/vi\/wp-json\/wp\/v2\/types\/product"}],"replies":[{"embeddable":true,"href":"https:\/\/ecoever.vn\/vi\/wp-json\/wp\/v2\/comments?post=278"}],"wp:featuredmedia":[{"embeddable":true,"href":"https:\/\/ecoever.vn\/vi\/wp-json\/wp\/v2\/media\/1394"}],"wp:attachment":[{"href":"https:\/\/ecoever.vn\/vi\/wp-json\/wp\/v2\/media?parent=278"}],"wp:term":[{"taxonomy":"product_cat","embeddable":true,"href":"https:\/\/ecoever.vn\/vi\/wp-json\/wp\/v2\/product_cat?post=278"},{"taxonomy":"product_tag","embeddable":true,"href":"https:\/\/ecoever.vn\/vi\/wp-json\/wp\/v2\/product_tag?post=278"}],"curies":[{"name":"wp","href":"https:\/\/api.w.org\/{rel}","templated":true}]}}