{"id":599,"date":"2023-07-26T10:07:14","date_gmt":"2023-07-26T10:07:14","guid":{"rendered":"https:\/\/ecoever.vn\/?page_id=599"},"modified":"2023-07-26T10:10:49","modified_gmt":"2023-07-26T10:10:49","slug":"gia-tri-cot-loi","status":"publish","type":"page","link":"https:\/\/ecoever.vn\/vi\/gia-tri-cot-loi","title":{"rendered":"Gi\u00e1 tr\u1ecb c\u1ed1t l\u00f5i"},"content":{"rendered":"<div class=\"row\"  id=\"row-2000495078\">\n\n\t<div id=\"col-662291606\" class=\"col small-12 large-12\"  >\n\t\t\t\t<div class=\"col-inner\"  >\n\t\t\t\n\t\t\t\n\t<div id=\"text-1690154061\" class=\"text\">\n\t\t\n<h2>GI\u00c1 TR\u1eca C\u1ed0T L\u00d5I<\/h2>\n\t\t\n<style>\n#text-1690154061 {\n  text-align: center;\n}\n<\/style>\n\t<\/div>\n\t\n\t<div class=\"img has-hover x md-x lg-x y md-y lg-y\" id=\"image_603526283\">\n\t\t\t\t\t\t\t\t<div class=\"img-inner dark\" >\n\t\t\t<img loading=\"lazy\" decoding=\"async\" width=\"1250\" height=\"862\" src=\"https:\/\/ecoever.vn\/wp-content\/uploads\/2023\/07\/banner-web.jpg\" class=\"attachment-original size-original\" alt=\"\" srcset=\"https:\/\/ecoever.vn\/wp-content\/uploads\/2023\/07\/banner-web.jpg 1250w, https:\/\/ecoever.vn\/wp-content\/uploads\/2023\/07\/banner-web-768x530.jpg 768w, https:\/\/ecoever.vn\/wp-content\/uploads\/2023\/07\/banner-web-600x414.jpg 600w\" sizes=\"auto, (max-width: 1250px) 100vw, 1250px\" \/>\t\t\t\t\t\t\n\t\t\t\t\t<\/div>\n\t\t\t\t\t\t\t\t\n<style>\n#image_603526283 {\n  width: 100%;\n}\n<\/style>\n\t<\/div>\n\t\n<div style=\"text-align: justify;\">Ch\u00fang t\u00f4i quan ni\u1ec7m m\u1ed9t doanh nghi\u1ec7p t\u1ed3n t\u1ea1i v\u00e0 ph\u00e1t tri\u1ec3n b\u1ec1n v\u1eefng ph\u1ea3i d\u1ef1a tr\u00ean vi\u1ec7c gi\u1ea3i quy\u1ebft c\u00e1c b\u00e0i to\u00e1n c\u1ee7a x\u00e3 h\u1ed9i m\u1ed9t c\u00e1ch h\u00e0i ho\u00e0 v\u00e0 b\u1ec1n v\u1eefng. \u0110\u1ed3ng th\u1eddi, s\u1ef1 ph\u00e1t tri\u1ec3n c\u1ee7a doanh nghi\u1ec7p c\u1ea7n song h\u00e0nh v\u1edbi\u00a0 l\u1ee3i \u00edch c\u1ee7a ng\u01b0\u1eddi lao \u0111\u1ed9ng, \u0111\u1ed1i t\u00e1c, kh\u00e1ch h\u00e0ng v\u00e0 x\u00e3 h\u1ed9i. V\u00ec v\u1eady nh\u1eefng gi\u00e1 tr\u1ecb c\u1ed1t l\u00f5i c\u1ee7a C\u00f4ng ty ch\u00fang t\u00f4i l\u00e0:\u00a0<\/div>\n<div style=\"text-align: justify;\">\u00a0<\/div>\n<div style=\"text-align: justify;\">Tu\u00e2n th\u1ee7<\/div>\n<div style=\"text-align: justify;\">T\u00f4n tr\u1ecdng<\/div>\n<div style=\"text-align: justify;\">\u0110\u1ea1o \u0111\u1ee9c<\/div>\n<div style=\"text-align: justify;\">Ph\u00e1t tri\u1ec3n<\/div>\n<div style=\"text-align: justify;\">Th\u00edch nghi<\/div>\n<div style=\"text-align: justify;\">\u00a0<\/div>\n<div style=\"text-align: justify;\">T\u1ea1i EEV, ch\u00fang t\u00f4i lu\u00f4n nghi\u00eam t\u00fac \u0111\u00e1nh gi\u00e1 c\u00e1c t\u00e1c \u0111\u1ed9ng l\u00ean m\u00f4i tr\u01b0\u1eddng, \u0111\u1ea3m b\u1ea3o nh\u00e0 m\u00e1y s\u1ea3n xu\u1ea5t \u0111\u00e1p \u1ee9ng c\u00e1c ti\u00eau chu\u1ea9n v\u1ec1 m\u00f4i tr\u01b0\u1eddng, \u00e1p d\u1ee5ng c\u00e1c bi\u1ec7n ph\u00e1p x\u1eed l\u00fd ch\u1ea5t th\u1ea3i v\u00e0 s\u1eed d\u1ee5ng t\u00e0i nguy\u00ean b\u1ec1n v\u1eefng.<\/div>\n<div style=\"text-align: justify;\">\u00a0<\/div>\n<div style=\"text-align: justify;\">Ngo\u00e0i \u0111\u00f3ng g\u00f3p cho ng\u00e2n s\u00e1ch nh\u00e0 n\u01b0\u1edbc, EEV c\u00f2n t\u1ea1o ra vi\u1ec7c l\u00e0m v\u00e0 gi\u00fap c\u1ea3i thi\u1ec7n \u0111\u1eddi s\u1ed1ng c\u1ee7a ng\u01b0\u1eddi d\u00e2n \u0111\u1ecba ph\u01b0\u01a1ng. ch\u00fang t\u00f4i c\u0169ng d\u00e0nh m\u1ed9t ph\u1ea7n l\u1ee3i nhu\u1eadn \u0111\u1ec3 ph\u00e1t tri\u1ec3n c\u1ed9ng \u0111\u1ed3ng th\u00f4ng qua c\u00e1c ho\u1ea1t \u0111\u1ed9ng gi\u00fap \u0111\u1ee1 v\u00e0 t\u1ea1o \u0111i\u1ec1u ki\u1ec7n cho c\u00e1 nh\u00e2n v\u01b0\u1ee3t qua kh\u00f3 kh\u0103n v\u00e0 v\u01b0\u01a1n l\u00ean trong cu\u1ed9c s\u1ed1ng.<\/div>\n\t\t<\/div>\n\t\t\t\t\t<\/div>\n\n\t\n<\/div>\n","protected":false},"excerpt":{"rendered":"","protected":false},"author":2,"featured_media":0,"parent":0,"menu_order":0,"comment_status":"closed","ping_status":"closed","template":"","meta":{"footnotes":""},"class_list":["post-599","page","type-page","status-publish","hentry"],"_links":{"self":[{"href":"https:\/\/ecoever.vn\/vi\/wp-json\/wp\/v2\/pages\/599","targetHints":{"allow":["GET"]}}],"collection":[{"href":"https:\/\/ecoever.vn\/vi\/wp-json\/wp\/v2\/pages"}],"about":[{"href":"https:\/\/ecoever.vn\/vi\/wp-json\/wp\/v2\/types\/page"}],"author":[{"embeddable":true,"href":"https:\/\/ecoever.vn\/vi\/wp-json\/wp\/v2\/users\/2"}],"replies":[{"embeddable":true,"href":"https:\/\/ecoever.vn\/vi\/wp-json\/wp\/v2\/comments?post=599"}],"version-history":[{"count":4,"href":"https:\/\/ecoever.vn\/vi\/wp-json\/wp\/v2\/pages\/599\/revisions"}],"predecessor-version":[{"id":604,"href":"https:\/\/ecoever.vn\/vi\/wp-json\/wp\/v2\/pages\/599\/revisions\/604"}],"wp:attachment":[{"href":"https:\/\/ecoever.vn\/vi\/wp-json\/wp\/v2\/media?parent=599"}],"curies":[{"name":"wp","href":"https:\/\/api.w.org\/{rel}","templated":true}]}}