{"id":548,"date":"2023-07-22T04:09:12","date_gmt":"2023-07-22T04:09:12","guid":{"rendered":"https:\/\/ecoever.vn\/?page_id=548"},"modified":"2023-08-11T01:19:18","modified_gmt":"2023-08-11T01:19:18","slug":"muc-tieu-phat-trien-ben-vung","status":"publish","type":"page","link":"https:\/\/ecoever.vn\/vi\/muc-tieu-phat-trien-ben-vung","title":{"rendered":"M\u1ee5c ti\u00eau ph\u00e1t tri\u1ec3n b\u1ec1n v\u1eefng"},"content":{"rendered":"<div class=\"row\"  id=\"row-2011469943\">\n\n\t<div id=\"col-2027398893\" class=\"col small-12 large-12\"  >\n\t\t\t\t<div class=\"col-inner\"  >\n\t\t\t\n\t\t\t\n<h1 style=\"text-align: center;\">M\u1ee5c ti\u00eau ph\u00e1t tri\u1ec3n b\u1ec1n v\u1eefng<\/h1>\n<p style=\"text-align: justify;\"><em>SDGs \u0111\u1eb7t ra m\u1ed9t t\u1ea7m nh\u00ecn t\u00edch c\u1ef1c cho t\u01b0\u01a1ng lai, nh\u01b0ng s\u1ebd c\u1ea7n h\u00e0nh \u0111\u1ed9ng t\u1eadp th\u1ec3 \u0111\u1ec3 \u0111\u1ea1t \u0111\u01b0\u1ee3c \u0111i\u1ec1u \u0111\u00f3. \u0110\u00f3 l\u00e0 l\u1ee3i \u00edch c\u1ee7a doanh nghi\u1ec7p, ch\u00ednh ph\u1ee7 v\u00e0 x\u00e3 h\u1ed9i \u0111\u1ec3 \u0111\u1ea9y nhanh ti\u1ebfn \u0111\u1ed9 h\u01b0\u1edbng t\u1edbi t\u1ea7m nh\u00ecn n\u00e0y. Ch\u00fang t\u00f4i \u0111\u00e3 x\u00e1c \u0111\u1ecbnh c\u00e1c l\u0129nh v\u1ef1c m\u00e0 EEV c\u00f3 ti\u1ec1m n\u0103ng l\u1edbn nh\u1ea5t \u0111\u1ec3 \u0111\u00f3ng g\u00f3p cho SDGs, d\u1ef1a tr\u00ean t\u00ednh ch\u1ea5t v\u00e0 quy m\u00f4 kinh doanh c\u1ee7a ch\u00fang t\u00f4i.<\/em><\/p>\n<h3 style=\"text-align: justify;\">S\u1ea3n xu\u1ea5t th\u00e2n thi\u1ec7n v\u1edbi m\u00f4i tr\u01b0\u1eddng<\/h3>\n\t\t<\/div>\n\t\t\t\t\t<\/div>\n\n\t\n<\/div>\n<div class=\"row row-small align-center\"  id=\"row-1920515256\">\n\n\t<div id=\"col-1338725070\" class=\"col medium-2 small-12 large-2\"  >\n\t\t\t\t<div class=\"col-inner\"  >\n\t\t\t\n\t\t\t\n\t<div class=\"img has-hover x md-x lg-x y md-y lg-y\" id=\"image_1393554540\">\n\t\t\t\t\t\t\t\t<div class=\"img-inner dark\" >\n\t\t\t<img loading=\"lazy\" decoding=\"async\" width=\"274\" height=\"276\" src=\"https:\/\/ecoever.vn\/wp-content\/uploads\/2023\/07\/9.png\" class=\"attachment-original size-original\" alt=\"\" srcset=\"https:\/\/ecoever.vn\/wp-content\/uploads\/2023\/07\/9.png 274w, https:\/\/ecoever.vn\/wp-content\/uploads\/2023\/07\/9-100x100.png 100w\" sizes=\"auto, (max-width: 274px) 100vw, 274px\" \/>\t\t\t\t\t\t\n\t\t\t\t\t<\/div>\n\t\t\t\t\t\t\t\t\n<style>\n#image_1393554540 {\n  width: 100%;\n}\n<\/style>\n\t<\/div>\n\t\n\t\t<\/div>\n\t\t\t\t\t<\/div>\n\n\t\n\n\t<div id=\"col-1534575645\" class=\"col medium-2 small-12 large-2\"  >\n\t\t\t\t<div class=\"col-inner\"  >\n\t\t\t\n\t\t\t\n\t<div class=\"img has-hover x md-x lg-x y md-y lg-y\" id=\"image_405963929\">\n\t\t\t\t\t\t\t\t<div class=\"img-inner dark\" >\n\t\t\t<img loading=\"lazy\" decoding=\"async\" width=\"274\" height=\"272\" src=\"https:\/\/ecoever.vn\/wp-content\/uploads\/2023\/07\/12.png\" class=\"attachment-original size-original\" alt=\"\" srcset=\"https:\/\/ecoever.vn\/wp-content\/uploads\/2023\/07\/12.png 274w, https:\/\/ecoever.vn\/wp-content\/uploads\/2023\/07\/12-100x100.png 100w\" sizes=\"auto, (max-width: 274px) 100vw, 274px\" \/>\t\t\t\t\t\t\n\t\t\t\t\t<\/div>\n\t\t\t\t\t\t\t\t\n<style>\n#image_405963929 {\n  width: 100%;\n}\n<\/style>\n\t<\/div>\n\t\n\t\t<\/div>\n\t\t\t\t\t<\/div>\n\n\t\n\n\t<div id=\"col-1492039683\" class=\"col medium-2 small-12 large-2\"  >\n\t\t\t\t<div class=\"col-inner\"  >\n\t\t\t\n\t\t\t\n\t<div class=\"img has-hover x md-x lg-x y md-y lg-y\" id=\"image_1015668112\">\n\t\t\t\t\t\t\t\t<div class=\"img-inner dark\" >\n\t\t\t<img loading=\"lazy\" decoding=\"async\" width=\"167\" height=\"167\" src=\"https:\/\/ecoever.vn\/wp-content\/uploads\/2023\/07\/13.png\" class=\"attachment-original size-original\" alt=\"\" srcset=\"https:\/\/ecoever.vn\/wp-content\/uploads\/2023\/07\/13.png 167w, https:\/\/ecoever.vn\/wp-content\/uploads\/2023\/07\/13-12x12.png 12w, https:\/\/ecoever.vn\/wp-content\/uploads\/2023\/07\/13-100x100.png 100w\" sizes=\"auto, (max-width: 167px) 100vw, 167px\" \/>\t\t\t\t\t\t\n\t\t\t\t\t<\/div>\n\t\t\t\t\t\t\t\t\n<style>\n#image_1015668112 {\n  width: 100%;\n}\n<\/style>\n\t<\/div>\n\t\n\t\t<\/div>\n\t\t\t\t\t<\/div>\n\n\t\n\n\t<div id=\"col-1871917355\" class=\"col medium-2 small-12 large-2\"  >\n\t\t\t\t<div class=\"col-inner\"  >\n\t\t\t\n\t\t\t\n\t<div class=\"img has-hover x md-x lg-x y md-y lg-y\" id=\"image_68252531\">\n\t\t\t\t\t\t\t\t<div class=\"img-inner dark\" >\n\t\t\t<img loading=\"lazy\" decoding=\"async\" width=\"168\" height=\"166\" src=\"https:\/\/ecoever.vn\/wp-content\/uploads\/2023\/07\/14.png\" class=\"attachment-original size-original\" alt=\"\" srcset=\"https:\/\/ecoever.vn\/wp-content\/uploads\/2023\/07\/14.png 168w, https:\/\/ecoever.vn\/wp-content\/uploads\/2023\/07\/14-12x12.png 12w, https:\/\/ecoever.vn\/wp-content\/uploads\/2023\/07\/14-100x100.png 100w\" sizes=\"auto, (max-width: 168px) 100vw, 168px\" \/>\t\t\t\t\t\t\n\t\t\t\t\t<\/div>\n\t\t\t\t\t\t\t\t\n<style>\n#image_68252531 {\n  width: 100%;\n}\n<\/style>\n\t<\/div>\n\t\n\t\t<\/div>\n\t\t\t\t\t<\/div>\n\n\t\n\n\t<div id=\"col-1297094009\" class=\"col medium-2 small-12 large-2\"  >\n\t\t\t\t<div class=\"col-inner\"  >\n\t\t\t\n\t\t\t\n\t<div class=\"img has-hover x md-x lg-x y md-y lg-y\" id=\"image_1852622249\">\n\t\t\t\t\t\t\t\t<div class=\"img-inner dark\" >\n\t\t\t<img loading=\"lazy\" decoding=\"async\" width=\"166\" height=\"167\" src=\"https:\/\/ecoever.vn\/wp-content\/uploads\/2023\/07\/15.png\" class=\"attachment-original size-original\" alt=\"\" srcset=\"https:\/\/ecoever.vn\/wp-content\/uploads\/2023\/07\/15.png 166w, https:\/\/ecoever.vn\/wp-content\/uploads\/2023\/07\/15-12x12.png 12w, https:\/\/ecoever.vn\/wp-content\/uploads\/2023\/07\/15-100x100.png 100w\" sizes=\"auto, (max-width: 166px) 100vw, 166px\" \/>\t\t\t\t\t\t\n\t\t\t\t\t<\/div>\n\t\t\t\t\t\t\t\t\n<style>\n#image_1852622249 {\n  width: 100%;\n}\n<\/style>\n\t<\/div>\n\t\n\t\t<\/div>\n\t\t\t\t\t<\/div>\n\n\t\n<\/div>\n<div class=\"row\"  id=\"row-1212858619\">\n\n\t<div id=\"col-2018382407\" class=\"col small-12 large-12\"  >\n\t\t\t\t<div class=\"col-inner\"  >\n\t\t\t\n\t\t\t\n<p style=\"text-align: justify;\">T\u1ea1i EEV, ch\u00fang t\u00f4i lu\u00f4n nghi\u00eam t\u00fac \u0111\u00e1nh gi\u00e1 c\u00e1c t\u00e1c \u0111\u1ed9ng l\u00ean m\u00f4i tr\u01b0\u1eddng, \u0111\u1ea3m b\u1ea3o nh\u00e0 m\u00e1y s\u1ea3n xu\u1ea5t \u0111\u00e1p \u1ee9ng c\u00e1c ti\u00eau chu\u1ea9n v\u1ec1 m\u00f4i tr\u01b0\u1eddng, \u00e1p d\u1ee5ng c\u00e1c bi\u1ec7n ph\u00e1p x\u1eed l\u00fd ch\u1ea5t th\u1ea3i v\u00e0 s\u1eed d\u1ee5ng t\u00e0i nguy\u00ean b\u1ec1n v\u1eefng. M\u1ed9t trong nh\u1eefng nguy\u00ean li\u1ec7u ch\u00ednh c\u1ee7a ch\u00fang t\u00f4i l\u00e0 b\u00e3 m\u00eda \u2013 ph\u1ee5 ph\u1ea9m n\u00f4ng nghi\u1ec7p thu \u0111\u01b0\u1ee3c t\u1eeb qu\u00e1 tr\u00ecnh xay x\u00e1t m\u00eda. Do \u0111\u00f3, vi\u1ec7c s\u1eed d\u1ee5ng ngu\u1ed3n t\u00e0i nguy\u00ean n\u00e0y th\u00e2n thi\u1ec7n v\u1edbi m\u00f4i tr\u01b0\u1eddng h\u01a1n \u0111\u00e1ng k\u1ec3 so v\u1edbi vi\u1ec7c s\u1eed d\u1ee5ng c\u00e2y l\u1ea5y g\u1ed7 v\u00e0 h\u00f3a ch\u1ea5t trong s\u1ea3n xu\u1ea5t c\u00e1c s\u1ea3n ph\u1ea9m gi\u1ea5y.<\/p>\n<p style=\"text-align: justify;\">H\u01a1n n\u1eefa, c\u00e1c s\u1ea3n ph\u1ea9m b\u00e3 m\u00eda c\u1ee7a ch\u00fang t\u00f4i ph\u00e2n h\u1ee7y sinh h\u1ecdc sau khi s\u1eed d\u1ee5ng v\u00ec ch\u00fang c\u00f3 ngu\u1ed3n g\u1ed1c t\u1eeb th\u1ef1c v\u1eadt. V\u00ec v\u1eady, c\u00e1c s\u1ea3n ph\u1ea9m b\u00e3 m\u00eda l\u00e0m gi\u1ea3m r\u00e1c th\u1ea3i bi\u1ec3n v\u00e0 t\u1ea5t c\u1ea3 c\u00e1c d\u1ea1ng \u00f4 nhi\u1ec5m bi\u1ec3n c\u0169ng nh\u01b0 tr\u00ean \u0111\u1ea5t li\u1ec1n. B\u1eb1ng vi\u1ec7c cung c\u1ea5p m\u1ed9t gi\u1ea3i ph\u00e1p thay th\u1ebf cho nh\u1ef1a, EEV hy v\u1ecdng s\u1ebd g\u00f3p ph\u1ea7n b\u1ea3o v\u1ec7 h\u1ec7 sinh th\u00e1i c\u1ee7a ch\u00fang ta kh\u1ecfi t\u00e1c \u0111\u1ed9ng ti\u00eau c\u1ef1c t\u1eeb s\u1ea3n ph\u1ea9m t\u1eeb d\u1ea7u m\u1ecf.<\/p>\n<h3 style=\"text-align: justify;\">Ph\u00e1t tri\u1ec3n con ng\u01b0\u1eddi v\u00e0 c\u1ed9ng \u0111\u1ed3ng<\/h3>\n\t\t<\/div>\n\t\t\t\t\t<\/div>\n\n\t\n<\/div>\n<div class=\"row row-small align-center\"  id=\"row-1391081424\">\n\n\t<div id=\"col-795682743\" class=\"col medium-2 small-12 large-2\"  >\n\t\t\t\t<div class=\"col-inner\"  >\n\t\t\t\n\t\t\t\n\t<div class=\"img has-hover x md-x lg-x y md-y lg-y\" id=\"image_325483435\">\n\t\t\t\t\t\t\t\t<div class=\"img-inner dark\" >\n\t\t\t<img loading=\"lazy\" decoding=\"async\" width=\"291\" height=\"297\" src=\"https:\/\/ecoever.vn\/wp-content\/uploads\/2023\/07\/1.png\" class=\"attachment-original size-original\" alt=\"\" \/>\t\t\t\t\t\t\n\t\t\t\t\t<\/div>\n\t\t\t\t\t\t\t\t\n<style>\n#image_325483435 {\n  width: 100%;\n}\n<\/style>\n\t<\/div>\n\t\n\t\t<\/div>\n\t\t\t\t\t<\/div>\n\n\t\n\n\t<div id=\"col-2035670521\" class=\"col medium-2 small-12 large-2\"  >\n\t\t\t\t<div class=\"col-inner\"  >\n\t\t\t\n\t\t\t\n\t<div class=\"img has-hover x md-x lg-x y md-y lg-y\" id=\"image_1220374874\">\n\t\t\t\t\t\t\t\t<div class=\"img-inner dark\" >\n\t\t\t<img loading=\"lazy\" decoding=\"async\" width=\"293\" height=\"289\" src=\"https:\/\/ecoever.vn\/wp-content\/uploads\/2023\/07\/3.png\" class=\"attachment-original size-original\" alt=\"\" srcset=\"https:\/\/ecoever.vn\/wp-content\/uploads\/2023\/07\/3.png 293w, https:\/\/ecoever.vn\/wp-content\/uploads\/2023\/07\/3-100x100.png 100w\" sizes=\"auto, (max-width: 293px) 100vw, 293px\" \/>\t\t\t\t\t\t\n\t\t\t\t\t<\/div>\n\t\t\t\t\t\t\t\t\n<style>\n#image_1220374874 {\n  width: 100%;\n}\n<\/style>\n\t<\/div>\n\t\n\t\t<\/div>\n\t\t\t\t\t<\/div>\n\n\t\n\n\t<div id=\"col-1565622940\" class=\"col medium-2 small-12 large-2\"  >\n\t\t\t\t<div class=\"col-inner\"  >\n\t\t\t\n\t\t\t\n\t<div class=\"img has-hover x md-x lg-x y md-y lg-y\" id=\"image_1396714390\">\n\t\t\t\t\t\t\t\t<div class=\"img-inner dark\" >\n\t\t\t<img loading=\"lazy\" decoding=\"async\" width=\"295\" height=\"291\" src=\"https:\/\/ecoever.vn\/wp-content\/uploads\/2023\/07\/4.png\" class=\"attachment-original size-original\" alt=\"\" srcset=\"https:\/\/ecoever.vn\/wp-content\/uploads\/2023\/07\/4.png 295w, https:\/\/ecoever.vn\/wp-content\/uploads\/2023\/07\/4-100x100.png 100w\" sizes=\"auto, (max-width: 295px) 100vw, 295px\" \/>\t\t\t\t\t\t\n\t\t\t\t\t<\/div>\n\t\t\t\t\t\t\t\t\n<style>\n#image_1396714390 {\n  width: 100%;\n}\n<\/style>\n\t<\/div>\n\t\n\t\t<\/div>\n\t\t\t\t\t<\/div>\n\n\t\n<\/div>\n<div class=\"row\"  id=\"row-2333009\">\n\n\t<div id=\"col-903196603\" class=\"col small-12 large-12\"  >\n\t\t\t\t<div class=\"col-inner\"  >\n\t\t\t\n\t\t\t\n<p style=\"text-align: justify;\">Ngo\u00e0i \u0111\u00f3ng g\u00f3p cho ng\u00e2n s\u00e1ch nh\u00e0 n\u01b0\u1edbc, EEV c\u00f2n t\u1ea1o ra vi\u1ec7c l\u00e0m v\u00e0 gi\u00fap c\u1ea3i thi\u1ec7n \u0111\u1eddi s\u1ed1ng c\u1ee7a ng\u01b0\u1eddi d\u00e2n \u0111\u1ecba ph\u01b0\u01a1ng. \u0110\u1ed3ng th\u1eddi, ch\u00fang t\u00f4i c\u0169ng d\u00e0nh m\u1ed9t ph\u1ea7n l\u1ee3i nhu\u1eadn \u0111\u1ec3 ph\u00e1t tri\u1ec3n c\u1ed9ng \u0111\u1ed3ng th\u00f4ng qua c\u00e1c ho\u1ea1t \u0111\u1ed9ng t\u1eeb thi\u1ec7n gi\u00fap \u0111\u1ee1 v\u00e0 t\u1ea1o \u0111i\u1ec1u ki\u1ec7n cho c\u00e1 nh\u00e2n v\u01b0\u1ee3t qua kh\u00f3 kh\u0103n v\u00e0 v\u01b0\u01a1n l\u00ean trong cu\u1ed9c s\u1ed1ng.<\/p>\n<h3>X\u00e2y d\u1ef1ng m\u1ed9t m\u00f4i tr\u01b0\u1eddng kinh doanh b\u1ec1n v\u1eefng<\/h3>\n\t\t<\/div>\n\t\t\t\t\t<\/div>\n\n\t\n<\/div>\n<div class=\"row row-small align-center\"  id=\"row-522820415\">\n\n\t<div id=\"col-1642515209\" class=\"col medium-2 small-12 large-2\"  >\n\t\t\t\t<div class=\"col-inner\"  >\n\t\t\t\n\t\t\t\n\t<div class=\"img has-hover x md-x lg-x y md-y lg-y\" id=\"image_1298541041\">\n\t\t\t\t\t\t\t\t<div class=\"img-inner dark\" >\n\t\t\t<img loading=\"lazy\" decoding=\"async\" width=\"291\" height=\"293\" src=\"https:\/\/ecoever.vn\/wp-content\/uploads\/2023\/07\/5.png\" class=\"attachment-original size-original\" alt=\"\" srcset=\"https:\/\/ecoever.vn\/wp-content\/uploads\/2023\/07\/5.png 291w, https:\/\/ecoever.vn\/wp-content\/uploads\/2023\/07\/5-100x100.png 100w\" sizes=\"auto, (max-width: 291px) 100vw, 291px\" \/>\t\t\t\t\t\t\n\t\t\t\t\t<\/div>\n\t\t\t\t\t\t\t\t\n<style>\n#image_1298541041 {\n  width: 100%;\n}\n<\/style>\n\t<\/div>\n\t\n\t\t<\/div>\n\t\t\t\t\t<\/div>\n\n\t\n\n\t<div id=\"col-1879163192\" class=\"col medium-2 small-12 large-2\"  >\n\t\t\t\t<div class=\"col-inner\"  >\n\t\t\t\n\t\t\t\n\t<div class=\"img has-hover x md-x lg-x y md-y lg-y\" id=\"image_1710830988\">\n\t\t\t\t\t\t\t\t<div class=\"img-inner dark\" >\n\t\t\t<img loading=\"lazy\" decoding=\"async\" width=\"291\" height=\"283\" src=\"https:\/\/ecoever.vn\/wp-content\/uploads\/2023\/07\/8.png\" class=\"attachment-original size-original\" alt=\"\" \/>\t\t\t\t\t\t\n\t\t\t\t\t<\/div>\n\t\t\t\t\t\t\t\t\n<style>\n#image_1710830988 {\n  width: 100%;\n}\n<\/style>\n\t<\/div>\n\t\n\t\t<\/div>\n\t\t\t\t\t<\/div>\n\n\t\n\n\t<div id=\"col-2109869783\" class=\"col medium-2 small-12 large-2\"  >\n\t\t\t\t<div class=\"col-inner\"  >\n\t\t\t\n\t\t\t\n\t<div class=\"img has-hover x md-x lg-x y md-y lg-y\" id=\"image_1196638428\">\n\t\t\t\t\t\t\t\t<div class=\"img-inner dark\" >\n\t\t\t<img loading=\"lazy\" decoding=\"async\" width=\"297\" height=\"285\" src=\"https:\/\/ecoever.vn\/wp-content\/uploads\/2023\/07\/10.png\" class=\"attachment-original size-original\" alt=\"\" \/>\t\t\t\t\t\t\n\t\t\t\t\t<\/div>\n\t\t\t\t\t\t\t\t\n<style>\n#image_1196638428 {\n  width: 100%;\n}\n<\/style>\n\t<\/div>\n\t\n\t\t<\/div>\n\t\t\t\t\t<\/div>\n\n\t\n\n\t<div id=\"col-140341840\" class=\"col medium-2 small-12 large-2\"  >\n\t\t\t\t<div class=\"col-inner\"  >\n\t\t\t\n\t\t\t\n\t<div class=\"img has-hover x md-x lg-x y md-y lg-y\" id=\"image_239784927\">\n\t\t\t\t\t\t\t\t<div class=\"img-inner dark\" >\n\t\t\t<img loading=\"lazy\" decoding=\"async\" width=\"289\" height=\"285\" src=\"https:\/\/ecoever.vn\/wp-content\/uploads\/2023\/07\/17.png\" class=\"attachment-original size-original\" alt=\"\" srcset=\"https:\/\/ecoever.vn\/wp-content\/uploads\/2023\/07\/17.png 289w, https:\/\/ecoever.vn\/wp-content\/uploads\/2023\/07\/17-100x100.png 100w\" sizes=\"auto, (max-width: 289px) 100vw, 289px\" \/>\t\t\t\t\t\t\n\t\t\t\t\t<\/div>\n\t\t\t\t\t\t\t\t\n<style>\n#image_239784927 {\n  width: 100%;\n}\n<\/style>\n\t<\/div>\n\t\n\t\t<\/div>\n\t\t\t\t\t<\/div>\n\n\t\n<\/div>\n<div class=\"row\"  id=\"row-774157079\">\n\n\t<div id=\"col-1611882931\" class=\"col small-12 large-12\"  >\n\t\t\t\t<div class=\"col-inner\"  >\n\t\t\t\n\t\t\t\n<p style=\"text-align: justify;\">H\u01b0\u1edbng \u0111\u1ebfn m\u00f4 h\u00ecnh t\u0103ng tr\u01b0\u1edfng to\u00e0n di\u1ec7n, b\u1ec1n v\u1eefng v\u00e0 n\u0103ng su\u1ea5t, c\u0169ng nh\u01b0 t\u1ea1o ra m\u1ed9t th\u1ecb tr\u01b0\u1eddng lao \u0111\u1ed9ng c\u00f4ng b\u1eb1ng h\u01a1n, hi\u1ec7u qu\u1ea3 h\u01a1n v\u00e0 to\u00e0n di\u1ec7n, \u0111\u1ea3m b\u1ea3o c\u00f4ng vi\u1ec7c v\u00e0 c\u01a1 h\u1ed9i t\u1ed1t cho t\u1ea5t c\u1ea3 m\u1ecdi ng\u01b0\u1eddi.<\/p>\n\t\t<\/div>\n\t\t\t\t\t<\/div>\n\n\t\n<\/div>\n","protected":false},"excerpt":{"rendered":"","protected":false},"author":2,"featured_media":0,"parent":0,"menu_order":0,"comment_status":"closed","ping_status":"closed","template":"","meta":{"footnotes":""},"class_list":["post-548","page","type-page","status-publish","hentry"],"_links":{"self":[{"href":"https:\/\/ecoever.vn\/vi\/wp-json\/wp\/v2\/pages\/548","targetHints":{"allow":["GET"]}}],"collection":[{"href":"https:\/\/ecoever.vn\/vi\/wp-json\/wp\/v2\/pages"}],"about":[{"href":"https:\/\/ecoever.vn\/vi\/wp-json\/wp\/v2\/types\/page"}],"author":[{"embeddable":true,"href":"https:\/\/ecoever.vn\/vi\/wp-json\/wp\/v2\/users\/2"}],"replies":[{"embeddable":true,"href":"https:\/\/ecoever.vn\/vi\/wp-json\/wp\/v2\/comments?post=548"}],"version-history":[{"count":14,"href":"https:\/\/ecoever.vn\/vi\/wp-json\/wp\/v2\/pages\/548\/revisions"}],"predecessor-version":[{"id":916,"href":"https:\/\/ecoever.vn\/vi\/wp-json\/wp\/v2\/pages\/548\/revisions\/916"}],"wp:attachment":[{"href":"https:\/\/ecoever.vn\/vi\/wp-json\/wp\/v2\/media?parent=548"}],"curies":[{"name":"wp","href":"https:\/\/api.w.org\/{rel}","templated":true}]}}