{"id":153,"date":"2023-06-17T01:18:43","date_gmt":"2023-06-17T01:18:43","guid":{"rendered":"https:\/\/ecoever.vn\/?page_id=153"},"modified":"2023-07-26T04:05:15","modified_gmt":"2023-07-26T04:05:15","slug":"nha-may","status":"publish","type":"page","link":"https:\/\/ecoever.vn\/vi\/nha-may","title":{"rendered":"Nh\u00e0 m\u00e1y"},"content":{"rendered":"\t<section class=\"section\" id=\"section_1242344575\">\n\t\t<div class=\"bg section-bg fill bg-fill  bg-loaded\" >\n\n\t\t\t\n\t\t\t\n\t\t\t\n\n\t\t<\/div>\n\n\t\t\n\n\t\t<div class=\"section-content relative\">\n\t\t\t\n<div class=\"row row-small\"  id=\"row-1135352476\">\n\n\t<div id=\"col-700571918\" class=\"col small-12 large-12\"  >\n\t\t\t\t<div class=\"col-inner\"  >\n\t\t\t\n\t\t\t\n<h2><span style=\"color: #000000;\">Nh\u00e0 m\u00e1y<\/span><\/h2>\n<p>Khi tham gia v\u00e0o l\u0129nh v\u1ef1c s\u1ea3n xu\u1ea5t bao b\u00ec th\u00e2n thi\u1ec7n m\u00f4i tr\u01b0\u1eddng, EEV c\u00f3 chi\u1ebfn l\u01b0\u1ee3c ri\u00eang \u0111\u1ec3 v\u01b0\u01a1n l\u00ean v\u1ecb tr\u00ed d\u1eabn \u0111\u1ea7u trong khu v\u1ef1c. Trong \u0111\u00f3, ch\u00fang t\u00f4i ch\u00fa tr\u1ecdng v\u00e0o x\u00e2y d\u1ef1ng nh\u00e0 m\u00e1y s\u1ea3n xu\u1ea5t quy m\u00f4 v\u1edbi c\u00f4ng ngh\u1ec7 hi\u1ec7n \u0111\u1ea1i h\u00e0ng \u0111\u1ea7u th\u1ebf gi\u1edbi. Nh\u1edd hi\u1ec7u qu\u1ea3 t\u1eeb quy m\u00f4 l\u1edbn, EEV h\u01b0\u1edbng t\u1edbi vi\u1ec7c th\u00fac \u0111\u1ea9y n\u0103ng su\u1ea5t nh\u1eb1m \u0111\u00e1p \u1ee9ng c\u00e1c nhu c\u1ea7u ng\u00e0y cang cao c\u1ee7a kh\u00e1ch h\u00e0ng v\u1edbi m\u1ee9c gi\u00e1 h\u1ee3p l\u00fd h\u01a1n.<\/p>\n<p><img loading=\"lazy\" decoding=\"async\" class=\"alignnone size-full wp-image-125\" src=\"https:\/\/ecoever.vn\/wp-content\/uploads\/2023\/06\/DSC03767.jpg\" alt=\"\" width=\"1900\" height=\"1267\" srcset=\"https:\/\/ecoever.vn\/wp-content\/uploads\/2023\/06\/DSC03767.jpg 1900w, https:\/\/ecoever.vn\/wp-content\/uploads\/2023\/06\/DSC03767-600x400.jpg 600w, https:\/\/ecoever.vn\/wp-content\/uploads\/2023\/06\/DSC03767-768x512.jpg 768w, https:\/\/ecoever.vn\/wp-content\/uploads\/2023\/06\/DSC03767-1536x1024.jpg 1536w\" sizes=\"auto, (max-width: 1900px) 100vw, 1900px\" \/>Giai \u0111o\u1ea1n 1: 12 d\u00e2y chuy\u1ec1n s\u1ea3n xu\u1ea5t v\u1edbi c\u00f4ng su\u1ea5t t\u1ed1i \u0111a \u0111\u1ea1t 150 t\u1ea5n\/th\u00e1ng \u0111\u00e3 \u0111i v\u00e0o ho\u1ea1t \u0111\u1ed9ng<\/p>\n<p><img loading=\"lazy\" decoding=\"async\" class=\"alignnone size-full wp-image-123\" src=\"https:\/\/ecoever.vn\/wp-content\/uploads\/2023\/06\/DSC03653.jpg\" alt=\"\" width=\"1900\" height=\"1267\" srcset=\"https:\/\/ecoever.vn\/wp-content\/uploads\/2023\/06\/DSC03653.jpg 1900w, https:\/\/ecoever.vn\/wp-content\/uploads\/2023\/06\/DSC03653-600x400.jpg 600w, https:\/\/ecoever.vn\/wp-content\/uploads\/2023\/06\/DSC03653-768x512.jpg 768w, https:\/\/ecoever.vn\/wp-content\/uploads\/2023\/06\/DSC03653-1536x1024.jpg 1536w\" sizes=\"auto, (max-width: 1900px) 100vw, 1900px\" \/>Giai \u0111o\u1ea1n 2: D\u1ef1 ki\u1ebfn \u0111\u1ea7u t\u01b0 m\u1edf r\u1ed9ng nh\u00e0 m\u00e1y trong giai \u0111o\u1ea1n 2025-2026 v\u1edbi 50 m\u00e1y, s\u1ea3n l\u01b0\u1ee3ng t\u1ed1i \u0111a d\u1ef1 ki\u1ebfn \u0111\u1ea1t 650 t\u1ea5n\/th\u00e1ng.<\/p>\n<p><img loading=\"lazy\" decoding=\"async\" class=\"alignnone size-full wp-image-122\" src=\"https:\/\/ecoever.vn\/wp-content\/uploads\/2023\/06\/DSC03530.jpg\" alt=\"\" width=\"1900\" height=\"1267\" srcset=\"https:\/\/ecoever.vn\/wp-content\/uploads\/2023\/06\/DSC03530.jpg 1900w, https:\/\/ecoever.vn\/wp-content\/uploads\/2023\/06\/DSC03530-600x400.jpg 600w, https:\/\/ecoever.vn\/wp-content\/uploads\/2023\/06\/DSC03530-768x512.jpg 768w, https:\/\/ecoever.vn\/wp-content\/uploads\/2023\/06\/DSC03530-1536x1024.jpg 1536w\" sizes=\"auto, (max-width: 1900px) 100vw, 1900px\" \/><\/p>\n\t\t<\/div>\n\t\t\t\t\t<\/div>\n\n\t\n\n<style>\n#row-1135352476 > .col > .col-inner {\n  padding: 15px 15px 15px 15px;\n  background-color: rgb(255, 255, 255);\n  border-radius: 5px;\n}\n<\/style>\n<\/div>\n\t\t<\/div>\n\n\t\t\n<style>\n#section_1242344575 {\n  padding-top: 30px;\n  padding-bottom: 30px;\n}\n#section_1242344575 .ux-shape-divider--top svg {\n  height: 150px;\n  --divider-top-width: 100%;\n}\n#section_1242344575 .ux-shape-divider--bottom svg {\n  height: 150px;\n  --divider-width: 100%;\n}\n<\/style>\n\t<\/section>\n\t\n","protected":false},"excerpt":{"rendered":"","protected":false},"author":1,"featured_media":0,"parent":0,"menu_order":0,"comment_status":"closed","ping_status":"closed","template":"page-blank.php","meta":{"footnotes":""},"class_list":["post-153","page","type-page","status-publish","hentry"],"_links":{"self":[{"href":"https:\/\/ecoever.vn\/vi\/wp-json\/wp\/v2\/pages\/153","targetHints":{"allow":["GET"]}}],"collection":[{"href":"https:\/\/ecoever.vn\/vi\/wp-json\/wp\/v2\/pages"}],"about":[{"href":"https:\/\/ecoever.vn\/vi\/wp-json\/wp\/v2\/types\/page"}],"author":[{"embeddable":true,"href":"https:\/\/ecoever.vn\/vi\/wp-json\/wp\/v2\/users\/1"}],"replies":[{"embeddable":true,"href":"https:\/\/ecoever.vn\/vi\/wp-json\/wp\/v2\/comments?post=153"}],"version-history":[{"count":5,"href":"https:\/\/ecoever.vn\/vi\/wp-json\/wp\/v2\/pages\/153\/revisions"}],"predecessor-version":[{"id":586,"href":"https:\/\/ecoever.vn\/vi\/wp-json\/wp\/v2\/pages\/153\/revisions\/586"}],"wp:attachment":[{"href":"https:\/\/ecoever.vn\/vi\/wp-json\/wp\/v2\/media?parent=153"}],"curies":[{"name":"wp","href":"https:\/\/api.w.org\/{rel}","templated":true}]}}