{"id":151,"date":"2023-06-17T01:18:29","date_gmt":"2023-06-17T01:18:29","guid":{"rendered":"https:\/\/ecoever.vn\/?page_id=151"},"modified":"2023-07-26T07:21:44","modified_gmt":"2023-07-26T07:21:44","slug":"lich-su-phat-trien","status":"publish","type":"page","link":"https:\/\/ecoever.vn\/vi\/lich-su-phat-trien","title":{"rendered":"L\u1ecbch s\u1eed ph\u00e1t tri\u1ec3n"},"content":{"rendered":"\t<section class=\"section\" id=\"section_1225180088\">\n\t\t<div class=\"bg section-bg fill bg-fill  bg-loaded\" >\n\n\t\t\t\n\t\t\t\n\t\t\t\n\n\t\t<\/div>\n\n\t\t\n\n\t\t<div class=\"section-content relative\">\n\t\t\t\n<div class=\"row row-small\"  id=\"row-713090173\">\n\n\t<div id=\"col-1553692631\" class=\"col small-12 large-12\"  data-animate=\"fadeInUp\">\n\t\t\t\t<div class=\"col-inner\"  >\n\t\t\t\n\t\t\t\n\t<div id=\"text-1430774572\" class=\"text\">\n\t\t\n<h2>L\u1ecaCH S\u1eec PH\u00c1T TRI\u1ec2N<\/h2>\n<p>Sau nhi\u1ec1u n\u0103m x\u00e2y d\u1ef1ng v\u00e0 ph\u00e1t tri\u1ec3n, Ecoever \u0111\u00e3 x\u00e2y d\u1ef1ng th\u00e0nh c\u00f4ng h\u1ec7 sinh th\u00e1i doanh nghi\u1ec7p b\u1ec1n v\u1eefng, th\u00e2n thi\u1ec7n m\u00f4i tr\u01b0\u1eddng h\u00e0ng \u0111\u1ea7u \u0110\u00f4ng Nam \u00c1, \u0111\u00f3ng g\u00f3p l\u1edbn trong vi\u1ec7c x\u00e2y d\u1ef1ng, ph\u00e1t tri\u1ec3n kinh t\u1ebf c\u1ee7a \u0111\u1ea5t n\u01b0\u1edbc.<\/p>\n\t\t\n<style>\n#text-1430774572 {\n  text-align: center;\n}\n<\/style>\n\t<\/div>\n\t\n\t\t<\/div>\n\t\t\t\t\t<\/div>\n\n\t\n\n\t<div id=\"col-635638673\" class=\"col timeline small-12 large-12\"  data-animate=\"fadeInUp\">\n\t\t\t\t<div class=\"col-inner\"  >\n\t\t\t\n\t\t\t\n<div class=\"row row-collapse\"  id=\"row-462653771\">\n\n\t<div id=\"col-582776215\" class=\"col medium-6 small-12 large-6\"  >\n\t\t\t\t<div class=\"col-inner\"  >\n\t\t\t\n\t\t\t\n\t\t<\/div>\n\t\t\t\t\t<\/div>\n\n\t\n\n\t<div id=\"col-1305850067\" class=\"col medium-6 small-12 large-6\"  >\n\t\t\t\t<div class=\"col-inner\"  >\n\t\t\t\n\t\t\t\n\n\t\t<div class=\"icon-box featured-box icon-box-left text-left\"  >\n\t\t\t\t\t<div class=\"icon-box-img\" style=\"width: 30px\">\n\t\t\t\t<div class=\"icon\">\n\t\t\t\t\t<div class=\"icon-inner\" >\n\t\t\t\t\t\t<img loading=\"lazy\" decoding=\"async\" width=\"34\" height=\"28\" src=\"https:\/\/ecoever.vn\/wp-content\/uploads\/2023\/06\/icon1.png\" class=\"attachment-medium size-medium\" alt=\"\" \/>\t\t\t\t\t<\/div>\n\t\t\t\t<\/div>\n\t\t\t<\/div>\n\t\t\t\t<div class=\"icon-box-text last-reset\">\n\t\t\t\t\t\t\t\t\t\n<p style=\"margin-bottom: 10px; text-align: left;\"><strong><span style=\"color: #8cc63c;\">N\u0103m 2019<\/span><\/strong><\/p>\n<p style=\"text-align: justify;\"><span style=\"font-size: 100%; color: #000000;\">Quy\u1ebft \u0111\u1ecbnh th\u00e0nh l\u1eadp c\u00f4ng ty<\/span><\/p>\n\t\t<\/div>\n\t<\/div>\n\t\n\t\n\t\t<\/div>\n\t\t\t\t\t<\/div>\n\n\t\n<\/div>\n<div class=\"row row-collapse\"  id=\"row-354124956\">\n\n\t<div id=\"col-247569690\" class=\"col medium-6 small-12 large-6\"  >\n\t\t\t\t<div class=\"col-inner\"  >\n\t\t\t\n\t\t\t\n\t<div id=\"gap-1067211913\" class=\"gap-element clearfix show-for-small\" style=\"display:block; height:auto;\">\n\t\t\n<style>\n#gap-1067211913 {\n  padding-top: 30px;\n}\n<\/style>\n\t<\/div>\n\t\n\n\t\t<div class=\"icon-box featured-box icon-box-right text-right\"  >\n\t\t\t\t\t<div class=\"icon-box-img\" style=\"width: 30px\">\n\t\t\t\t<div class=\"icon\">\n\t\t\t\t\t<div class=\"icon-inner\" >\n\t\t\t\t\t\t<img loading=\"lazy\" decoding=\"async\" width=\"34\" height=\"28\" src=\"https:\/\/ecoever.vn\/wp-content\/uploads\/2023\/06\/icon2.png\" class=\"attachment-medium size-medium\" alt=\"\" \/>\t\t\t\t\t<\/div>\n\t\t\t\t<\/div>\n\t\t\t<\/div>\n\t\t\t\t<div class=\"icon-box-text last-reset\">\n\t\t\t\t\t\t\t\t\t\n<p style=\"margin-bottom: 10px; text-align: right;\"><strong><span style=\"color: #8cc63c;\">Th\u00e1ng 1\/2020<\/span><\/strong><\/p>\n<p style=\"text-align: justify;\"><span style=\"font-size: 100%; color: #000000;\">Nh\u1eadp kh\u1ea9u m\u00e1y m\u00f3c thi\u1ebft b\u1ecb chu\u1ea9n b\u1ecb s\u1ea3n xu\u1ea5t th\u00ec covid x\u1ea3y ra n\u00ean chuy\u00ean gia n\u01b0\u1edbc ngo\u00e0i kh\u00f4ng th\u1ec3 \u0111\u1ebfn h\u01b0\u1edbng d\u1eabn l\u1eafp \u0111\u1eb7t v\u00e0 chuy\u1ec3n giao c\u00f4ng ngh\u1ec7.<\/span><\/p>\n\t\t<\/div>\n\t<\/div>\n\t\n\t\n\t\t<\/div>\n\t\t\t\t\n<style>\n#col-247569690 > .col-inner {\n  margin: 0px 0px 0px 12px;\n}\n<\/style>\n\t<\/div>\n\n\t\n\n\t<div id=\"col-181718360\" class=\"col medium-6 small-12 large-6\"  >\n\t\t\t\t<div class=\"col-inner\"  >\n\t\t\t\n\t\t\t\n\t\t<\/div>\n\t\t\t\t\t<\/div>\n\n\t\n<\/div>\n<div class=\"row row-collapse\"  id=\"row-1730950805\">\n\n\t<div id=\"col-87004941\" class=\"col medium-6 small-12 large-6\"  >\n\t\t\t\t<div class=\"col-inner\"  >\n\t\t\t\n\t\t\t\n\t\t<\/div>\n\t\t\t\t\t<\/div>\n\n\t\n\n\t<div id=\"col-23808451\" class=\"col medium-6 small-12 large-6\"  >\n\t\t\t\t<div class=\"col-inner\"  >\n\t\t\t\n\t\t\t\n\t<div id=\"gap-12118426\" class=\"gap-element clearfix show-for-small\" style=\"display:block; height:auto;\">\n\t\t\n<style>\n#gap-12118426 {\n  padding-top: 30px;\n}\n<\/style>\n\t<\/div>\n\t\n\n\t\t<div class=\"icon-box featured-box icon-box-left text-left\"  >\n\t\t\t\t\t<div class=\"icon-box-img\" style=\"width: 30px\">\n\t\t\t\t<div class=\"icon\">\n\t\t\t\t\t<div class=\"icon-inner\" >\n\t\t\t\t\t\t<img loading=\"lazy\" decoding=\"async\" width=\"34\" height=\"28\" src=\"https:\/\/ecoever.vn\/wp-content\/uploads\/2023\/06\/icon1.png\" class=\"attachment-medium size-medium\" alt=\"\" \/>\t\t\t\t\t<\/div>\n\t\t\t\t<\/div>\n\t\t\t<\/div>\n\t\t\t\t<div class=\"icon-box-text last-reset\">\n\t\t\t\t\t\t\t\t\t\n<p style=\"margin-bottom: 10px; text-align: left;\"><strong><span style=\"color: #8cc63c;\">Th\u00e1ng 5\/2022<\/span><\/strong><\/p>\n<p style=\"text-align: justify;\"><span style=\"font-size: 100%; color: #000000;\">Kh\u00f4i ph\u1ee5c sau covid. \u0110\u00f3n chuy\u00ean gia n\u01b0\u1edbc ngo\u00e0i \u0111\u1ebfn l\u1eafp \u0111\u1eb7t, v\u1eadn h\u00e0nh ch\u1ea1y th\u1eed v\u00e0 \u0111\u00e0o t\u1ea1o ng\u01b0\u1eddi lao \u0111\u1ed9ng.<\/span><\/p>\n\t\t<\/div>\n\t<\/div>\n\t\n\t\n\t\t<\/div>\n\t\t\t\t\t<\/div>\n\n\t\n<\/div>\n\t<div id=\"gap-1487702257\" class=\"gap-element clearfix show-for-small\" style=\"display:block; height:auto;\">\n\t\t\n<style>\n#gap-1487702257 {\n  padding-top: 30px;\n}\n<\/style>\n\t<\/div>\n\t\n<div class=\"row row-collapse\"  id=\"row-96634962\">\n\n\t<div id=\"col-484562941\" class=\"col medium-6 small-12 large-6\"  >\n\t\t\t\t<div class=\"col-inner\"  >\n\t\t\t\n\t\t\t\n\n\t\t<div class=\"icon-box featured-box icon-box-right text-right\"  >\n\t\t\t\t\t<div class=\"icon-box-img\" style=\"width: 30px\">\n\t\t\t\t<div class=\"icon\">\n\t\t\t\t\t<div class=\"icon-inner\" >\n\t\t\t\t\t\t<img loading=\"lazy\" decoding=\"async\" width=\"34\" height=\"28\" src=\"https:\/\/ecoever.vn\/wp-content\/uploads\/2023\/06\/icon2.png\" class=\"attachment-medium size-medium\" alt=\"\" \/>\t\t\t\t\t<\/div>\n\t\t\t\t<\/div>\n\t\t\t<\/div>\n\t\t\t\t<div class=\"icon-box-text last-reset\">\n\t\t\t\t\t\t\t\t\t\n<p style=\"margin-bottom: 10px; text-align: right;\"><strong><span style=\"color: #8cc63c;\">Th\u00e1ng 9\/2022<\/span><\/strong><\/p>\n<p style=\"text-align: justify;\"><span style=\"font-size: 100%; color: #000000;\">S\u1ea3n xu\u1ea5t th\u00e0nh c\u00f4ng s\u1ea3n ph\u1ea9m \u0111\u1ea7u ti\u00ean;<\/span><\/p>\n\t\t<\/div>\n\t<\/div>\n\t\n\t\n\t\t<\/div>\n\t\t\t\t\n<style>\n#col-484562941 > .col-inner {\n  margin: 0px 0px 0px 12px;\n}\n<\/style>\n\t<\/div>\n\n\t\n\n\t<div id=\"col-169586881\" class=\"col medium-6 small-12 large-6\"  >\n\t\t\t\t<div class=\"col-inner\"  >\n\t\t\t\n\t\t\t\n\t\t<\/div>\n\t\t\t\t\t<\/div>\n\n\t\n<\/div>\n<div class=\"row row-collapse\"  id=\"row-1109701845\">\n\n\t<div id=\"col-1724167353\" class=\"col medium-6 small-12 large-6\"  >\n\t\t\t\t<div class=\"col-inner\"  >\n\t\t\t\n\t\t\t\n\t\t<\/div>\n\t\t\t\t\t<\/div>\n\n\t\n\n\t<div id=\"col-460662764\" class=\"col medium-6 small-12 large-6\"  >\n\t\t\t\t<div class=\"col-inner\"  >\n\t\t\t\n\t\t\t\n\t<div id=\"gap-1583742445\" class=\"gap-element clearfix show-for-small\" style=\"display:block; height:auto;\">\n\t\t\n<style>\n#gap-1583742445 {\n  padding-top: 30px;\n}\n<\/style>\n\t<\/div>\n\t\n\n\t\t<div class=\"icon-box featured-box icon-box-left text-left\"  >\n\t\t\t\t\t<div class=\"icon-box-img\" style=\"width: 30px\">\n\t\t\t\t<div class=\"icon\">\n\t\t\t\t\t<div class=\"icon-inner\" >\n\t\t\t\t\t\t<img loading=\"lazy\" decoding=\"async\" width=\"34\" height=\"28\" src=\"https:\/\/ecoever.vn\/wp-content\/uploads\/2023\/06\/icon1.png\" class=\"attachment-medium size-medium\" alt=\"\" \/>\t\t\t\t\t<\/div>\n\t\t\t\t<\/div>\n\t\t\t<\/div>\n\t\t\t\t<div class=\"icon-box-text last-reset\">\n\t\t\t\t\t\t\t\t\t\n<p style=\"margin-bottom: 10px; text-align: left;\"><strong><span style=\"color: #8cc63c;\">Th\u00e1ng 10\/2022<\/span><\/strong><\/p>\n<p style=\"text-align: justify;\"><span style=\"font-size: 100%; color: #000000;\">Xu\u1ea5t kh\u1ea9u th\u00e0nh c\u00f4ng l\u00f4 h\u00e0ng \u0111\u1ea7u ti\u00ean cho th\u1ecb tr\u01b0\u1eddng Nh\u1eadt B\u1ea3n<\/span><\/p>\n\t\t<\/div>\n\t<\/div>\n\t\n\t\n\t\t<\/div>\n\t\t\t\t\t<\/div>\n\n\t\n<\/div>\n\t\t<\/div>\n\t\t\t\t\n<style>\n#col-635638673 > .col-inner {\n  padding: 0px 15px 0px 15px;\n}\n<\/style>\n\t<\/div>\n\n\t\n<\/div>\n\t\t<\/div>\n\n\t\t\n<style>\n#section_1225180088 {\n  padding-top: 30px;\n  padding-bottom: 30px;\n}\n#section_1225180088 .ux-shape-divider--top svg {\n  height: 150px;\n  --divider-top-width: 100%;\n}\n#section_1225180088 .ux-shape-divider--bottom svg {\n  height: 150px;\n  --divider-width: 100%;\n}\n<\/style>\n\t<\/section>\n\t\n","protected":false},"excerpt":{"rendered":"","protected":false},"author":1,"featured_media":0,"parent":0,"menu_order":0,"comment_status":"closed","ping_status":"closed","template":"page-blank.php","meta":{"footnotes":""},"class_list":["post-151","page","type-page","status-publish","hentry"],"_links":{"self":[{"href":"https:\/\/ecoever.vn\/vi\/wp-json\/wp\/v2\/pages\/151","targetHints":{"allow":["GET"]}}],"collection":[{"href":"https:\/\/ecoever.vn\/vi\/wp-json\/wp\/v2\/pages"}],"about":[{"href":"https:\/\/ecoever.vn\/vi\/wp-json\/wp\/v2\/types\/page"}],"author":[{"embeddable":true,"href":"https:\/\/ecoever.vn\/vi\/wp-json\/wp\/v2\/users\/1"}],"replies":[{"embeddable":true,"href":"https:\/\/ecoever.vn\/vi\/wp-json\/wp\/v2\/comments?post=151"}],"version-history":[{"count":5,"href":"https:\/\/ecoever.vn\/vi\/wp-json\/wp\/v2\/pages\/151\/revisions"}],"predecessor-version":[{"id":596,"href":"https:\/\/ecoever.vn\/vi\/wp-json\/wp\/v2\/pages\/151\/revisions\/596"}],"wp:attachment":[{"href":"https:\/\/ecoever.vn\/vi\/wp-json\/wp\/v2\/media?parent=151"}],"curies":[{"name":"wp","href":"https:\/\/api.w.org\/{rel}","templated":true}]}}