{"id":149,"date":"2023-06-17T01:18:14","date_gmt":"2023-06-17T01:18:14","guid":{"rendered":"https:\/\/ecoever.vn\/?page_id=149"},"modified":"2023-07-22T04:22:27","modified_gmt":"2023-07-22T04:22:27","slug":"cau-chuyen-ve-chung-toi","status":"publish","type":"page","link":"https:\/\/ecoever.vn\/vi\/cau-chuyen-ve-chung-toi","title":{"rendered":"C\u00e2u chuy\u1ec7n v\u1ec1 ch\u00fang t\u00f4i"},"content":{"rendered":"\t<section class=\"section\" id=\"section_27767310\">\n\t\t<div class=\"bg section-bg fill bg-fill  bg-loaded\" >\n\n\t\t\t\n\t\t\t\n\t\t\t\n\n\t\t<\/div>\n\n\t\t\n\n\t\t<div class=\"section-content relative\">\n\t\t\t\n<div class=\"row row-small\"  id=\"row-1508088341\">\n\n\t<div id=\"col-662089956\" class=\"col small-12 large-12\"  >\n\t\t\t\t<div class=\"col-inner\"  >\n\t\t\t\n\t\t\t\n<h2 style=\"text-align: justify;\"><span style=\"color: #000000;\">C\u00e2u chuy\u1ec7n c\u1ee7a ch\u00fang t\u00f4i<\/span><\/h2>\n<p style=\"text-align: justify;\">\u00d4 nhi\u1ec5m m\u00f4i tr\u01b0\u1eddng ng\u00e0y nay l\u00e0 v\u1ea5n \u0111\u1ec1 b\u1ee9c thi\u1ebft mang t\u00ednh to\u00e0n c\u1ea7u. C\u00e1c d\u1ef1 \u00e1n v\u00e0 chi\u1ebfn d\u1ecbch b\u1ea3o v\u1ec7 m\u00f4i tr\u01b0\u1eddng \u0111\u01b0\u1ee3c nhi\u1ec1u qu\u1ed1c gia, v\u00f9ng l\u00e3nh th\u1ed5 \u0111\u1eb7c bi\u1ec7t quan t\u00e2m. Ng\u00e0nh c\u00f4ng nghi\u1ec7p s\u1ea3n xu\u1ea5t bao b\u00ec c\u0169ng kh\u00f4ng n\u1eb1m ngo\u00e0i xu th\u1ebf \u0111\u00f3, c\u00e1c s\u1ea3n ph\u1ea9m \u0111\u01b0\u1ee3c t\u1ea1o ra c\u1ea7n \u0111\u00e1p \u1ee9ng y\u1ebfu t\u1ed1 an to\u00e0n, th\u00e2n thi\u1ec7n m\u00f4i tr\u01b0\u1eddng.<\/p>\n<p style=\"text-align: justify;\">Ho\u00e0 c\u00f9ng xu h\u01b0\u1edbng \u201cs\u1ed1ng xanh\u201d hi\u1ec7n nay, \u0111\u1ed9i ng\u0169 chuy\u00ean gia c\u00f3 nhi\u1ec1u n\u0103m kinh nghi\u1ec7m trong l\u0129nh v\u1ef1c s\u1ea3n xu\u1ea5t, kinh doanh s\u1ea3n ph\u1ea9m bao b\u00ec c\u1ee7a EEV \u0111\u1eb7t tr\u1ecdng t\u00e2m v\u00e0o vi\u1ec7c x\u00e2y d\u1ef1ng quy tr\u00ecnh ki\u1ec3m so\u00e1t ch\u1ea5t l\u01b0\u1ee3ng s\u1ea3n ph\u1ea9m ch\u1eb7t ch\u1ebd tr\u01b0\u1edbc khi \u0111\u1ebfn tay kh\u00e1ch h\u00e0ng.<\/p>\n<p style=\"text-align: justify;\"><img loading=\"lazy\" decoding=\"async\" class=\"size-full wp-image-225 aligncenter\" src=\"https:\/\/ecoever.vn\/wp-content\/uploads\/2023\/06\/DSC03973.jpg\" alt=\"\" width=\"1000\" height=\"667\" srcset=\"https:\/\/ecoever.vn\/wp-content\/uploads\/2023\/06\/DSC03973.jpg 1000w, https:\/\/ecoever.vn\/wp-content\/uploads\/2023\/06\/DSC03973-768x512.jpg 768w, https:\/\/ecoever.vn\/wp-content\/uploads\/2023\/06\/DSC03973-600x400.jpg 600w\" sizes=\"auto, (max-width: 1000px) 100vw, 1000px\" \/><\/p>\n<p style=\"text-align: justify;\">Vi\u1ec7t Nam \u0111\u00e3 v\u00e0 \u0111ang tham gia nhi\u1ec1u hi\u1ec7p \u0111\u1ecbnh th\u01b0\u01a1ng m\u1ea1i t\u1ef1 do qu\u1ed1c t\u1ebf, \u0111\u1ed3ng th\u1eddi l\u00e0 qu\u1ed1c gia c\u00f3 n\u1ec1n ch\u00ednh tr\u1ecb \u1ed5n \u0111\u1ecbnh, kh\u1ea3 n\u0103ng gi\u1ea3i quy\u1ebft linh ho\u1ea1t v\u00e0 hi\u1ec7u qu\u1ea3 tr\u01b0\u1edbc nh\u1eefng bi\u1ebfn \u0111\u1ed9ng ng\u00e0y c\u00e0ng t\u0103ng c\u1ee7a x\u00e3 h\u1ed9i. N\u0103m 2022, Vi\u1ec7t Nam \u0111\u01b0\u1ee3c x\u1ebfp trong TOP 15 c\u00e1c qu\u1ed1c gia c\u00f3 t\u1ed1c \u0111\u1ed9 h\u1ed3i ph\u1ee5c nhanh nh\u1ea5t h\u1eadu \u0111\u1ea1i d\u1ecbch COVID-19. V\u1edbi s\u1ef1 \u1ee7ng h\u1ed9 c\u1ee7a c\u00e1c ch\u00ednh s\u00e1ch v\u0129 m\u00f4 v\u00e0 n\u1ed9i l\u1ef1c s\u1eb5n c\u00f3 c\u1ee7a \u0111\u1ed9i ng\u0169, ch\u00fang t\u00f4i tin t\u01b0\u1edfng r\u1eb1ng, EEV s\u1ebd l\u00e0 nh\u00e0 cung c\u1ea5p s\u1ea3n ph\u1ea9m ch\u1ea5t l\u01b0\u1ee3ng t\u1ed1t, \u0111\u00e1p \u1ee9ng \u0111\u01b0\u1ee3c nh\u1eefng y\u00eau c\u1ea7u kh\u1eaft khe c\u1ee7a kh\u00e1ch h\u00e0ng. Ch\u00fang t\u00f4i cam k\u1ebft v\u1ec1 t\u00ednh \u1ed5n \u0111\u1ecbnh c\u1ee7a s\u1ea3n l\u01b0\u1ee3ng, ch\u1ea5t l\u01b0\u1ee3ng t\u1ed1t nh\u1ea5t, v\u1edbi chi ph\u00ed h\u1ee3p l\u00fd.<\/p>\n\t\t<\/div>\n\t\t\t\t\t<\/div>\n\n\t\n\n<style>\n#row-1508088341 > .col > .col-inner {\n  padding: 15px 15px 15px 15px;\n  background-color: rgb(255, 255, 255);\n  border-radius: 5px;\n}\n<\/style>\n<\/div>\n\t\t<\/div>\n\n\t\t\n<style>\n#section_27767310 {\n  padding-top: 30px;\n  padding-bottom: 30px;\n}\n#section_27767310 .ux-shape-divider--top svg {\n  height: 150px;\n  --divider-top-width: 100%;\n}\n#section_27767310 .ux-shape-divider--bottom svg {\n  height: 150px;\n  --divider-width: 100%;\n}\n<\/style>\n\t<\/section>\n\t\n","protected":false},"excerpt":{"rendered":"","protected":false},"author":1,"featured_media":0,"parent":0,"menu_order":0,"comment_status":"closed","ping_status":"closed","template":"page-blank.php","meta":{"footnotes":""},"class_list":["post-149","page","type-page","status-publish","hentry"],"_links":{"self":[{"href":"https:\/\/ecoever.vn\/vi\/wp-json\/wp\/v2\/pages\/149","targetHints":{"allow":["GET"]}}],"collection":[{"href":"https:\/\/ecoever.vn\/vi\/wp-json\/wp\/v2\/pages"}],"about":[{"href":"https:\/\/ecoever.vn\/vi\/wp-json\/wp\/v2\/types\/page"}],"author":[{"embeddable":true,"href":"https:\/\/ecoever.vn\/vi\/wp-json\/wp\/v2\/users\/1"}],"replies":[{"embeddable":true,"href":"https:\/\/ecoever.vn\/vi\/wp-json\/wp\/v2\/comments?post=149"}],"version-history":[{"count":4,"href":"https:\/\/ecoever.vn\/vi\/wp-json\/wp\/v2\/pages\/149\/revisions"}],"predecessor-version":[{"id":560,"href":"https:\/\/ecoever.vn\/vi\/wp-json\/wp\/v2\/pages\/149\/revisions\/560"}],"wp:attachment":[{"href":"https:\/\/ecoever.vn\/vi\/wp-json\/wp\/v2\/media?parent=149"}],"curies":[{"name":"wp","href":"https:\/\/api.w.org\/{rel}","templated":true}]}}