{"id":146,"date":"2023-06-17T01:17:58","date_gmt":"2023-06-17T01:17:58","guid":{"rendered":"https:\/\/ecoever.vn\/?page_id=146"},"modified":"2023-07-26T04:03:36","modified_gmt":"2023-07-26T04:03:36","slug":"thu-ngo","status":"publish","type":"page","link":"https:\/\/ecoever.vn\/vi\/thu-ngo","title":{"rendered":"Th\u01b0 ng\u1ecf"},"content":{"rendered":"\t<section class=\"section\" id=\"section_2048192927\">\n\t\t<div class=\"bg section-bg fill bg-fill  bg-loaded\" >\n\n\t\t\t\n\t\t\t\n\t\t\t\n\n\t\t<\/div>\n\n\t\t\n\n\t\t<div class=\"section-content relative\">\n\t\t\t\n<div class=\"row row-small\"  id=\"row-1371273761\">\n\n\t<div id=\"col-780919814\" class=\"col small-12 large-12\"  >\n\t\t\t\t<div class=\"col-inner\"  >\n\t\t\t\n\t\t\t\n<h2><span style=\"color: #000000;\">Th\u01b0 ng\u1ecf<\/span><\/h2>\n<p>K\u00ednh g\u1eedi Qu\u00fd Kh\u00e1ch h\u00e0ng c\u00f9ng \u0110\u1ed1i t\u00e1c,<\/p>\n<p>C\u00f4ng ty TNHH Ecoever (EEV) \u0111\u01b0\u1ee3c th\u00e0nh l\u1eadp n\u0103m 2019 v\u1edbi s\u1ef1 tham gia g\u00f3p v\u1ed1n c\u1ee7a c\u00e1c doanh nghi\u1ec7p, c\u00e1 nh\u00e2n c\u00f3 nhi\u1ec1u n\u0103m kinh nghi\u1ec7m trong ho\u1ea1t \u0111\u1ed9ng s\u1ea3n xu\u1ea5t \u2013 kinh doanh, xu\u1ea5t nh\u1eadp kh\u1ea9u \u0111\u1ebfn t\u1eeb Vi\u1ec7t Nam v\u00e0 Nh\u1eadt B\u1ea3n.<\/p>\n<p><img loading=\"lazy\" decoding=\"async\" class=\"size-full wp-image-223 aligncenter\" src=\"https:\/\/ecoever.vn\/wp-content\/uploads\/2023\/06\/DSC03822.jpg\" alt=\"\" width=\"1000\" height=\"1357\" srcset=\"https:\/\/ecoever.vn\/wp-content\/uploads\/2023\/06\/DSC03822.jpg 1000w, https:\/\/ecoever.vn\/wp-content\/uploads\/2023\/06\/DSC03822-768x1042.jpg 768w, https:\/\/ecoever.vn\/wp-content\/uploads\/2023\/06\/DSC03822-600x814.jpg 600w\" sizes=\"auto, (max-width: 1000px) 100vw, 1000px\" \/><\/p>\n<p>Ch\u00fang t\u00f4i nh\u1eadn th\u1ea5y ph\u00e1t tri\u1ec3n kinh t\u1ebf tu\u1ea7n ho\u00e0n l\u00e0 xu h\u01b0\u1edbng \u0111\u00fang \u0111\u1eafn c\u1ee7a x\u00e3 h\u1ed9i hi\u1ec7n \u0111\u1ea1i. Theo \u0111\u00f3, t\u0103ng tr\u01b0\u1edfng kinh t\u1ebf c\u1ea7n song h\u00e0nh v\u1edbi s\u1ee9 m\u1ec7nh b\u1ea3o v\u1ec7 m\u00f4i tr\u01b0\u1eddng, ki\u1ebfn t\u1ea1o x\u00e3 h\u1ed9i v\u0103n minh, h\u1ea1nh ph\u00fac, th\u00e2n thi\u1ec7n h\u01a1n. \u0110\u00f3 ch\u00ednh l\u00e0 s\u1ef1 \u0111\u1ed3ng \u0111i\u1ec7u trong t\u1ea7m nh\u00ecn c\u1ee7a Ban L\u00e3nh \u0111\u1ea1o, t\u1eeb \u0111\u00f3 x\u00e2y d\u1ef1ng n\u00ean tri\u1ebft l\u00fd kinh doanh, v\u0103n h\u00f3a g\u1eafn b\u00f3 gi\u1eefa c\u00e1c th\u00e0nh vi\u00ean trong c\u00f4ng ty, \u0111\u1eb7t n\u1ec1n m\u00f3ng cho s\u1ef1 ra \u0111\u1eddi v\u00e0 ph\u00e1t tri\u1ec3n c\u1ee7a EEV.<\/p>\n<p>T\u0103ng tr\u01b0\u1edfng b\u1ec1n v\u1eefng ch\u1ec9 c\u00f3 th\u1ec3 \u0111\u1ea1t \u0111\u01b0\u1ee3c nh\u1edd vi\u1ec7c x\u00e2y d\u1ef1ng h\u1ec7 th\u1ed1ng v\u00e0 n\u1ec1n t\u1ea3ng v\u1eadn h\u00e0nh t\u1ed1t nh\u1ea5t. Do \u0111\u00f3, EEV \u0111\u00e3 li\u00ean t\u1ee5c \u0111\u1ea7u t\u01b0 v\u00e0o nh\u00e0 m\u00e1y s\u1ea3n xu\u1ea5t, nghi\u00ean c\u1ee9u v\u00e0 ph\u00e1t tri\u1ec3n s\u1ea3n ph\u1ea9m, x\u00e2y d\u1ef1ng th\u01b0\u01a1ng hi\u1ec7u v\u00e0 quan tr\u1ecdng nh\u1ea5t l\u00e0 ngu\u1ed3n nh\u00e2n l\u1ef1c.<\/p>\n<p>Ch\u00fang t\u00f4i tin t\u1eb1ng, b\u1eb1ng kinh nghi\u1ec7m v\u00e0 t\u00e2m th\u1ebf t\u1eadp th\u1ec3, EEV s\u1ebd g\u1eafn v\u1edbi s\u1ef1 ph\u00e1t tri\u1ec3n v\u00e0 th\u1ecbnh v\u01b0\u1ee3ng c\u1ee7a Qu\u00fd Kh\u00e1ch h\u00e0ng, \u0110\u1ed1i t\u00e1c, X\u00e3 h\u1ed9i, Ng\u01b0\u1eddi lao \u0111\u1ed9ng v\u00e0 C\u1ed5 \u0111\u00f4ng, t\u1eeb \u0111\u00f3 th\u1ef1c hi\u1ec7n v\u00e0 lan to\u1ea3 tinh th\u1ea7n c\u1ed1ng hi\u1ebfn cho m\u1ed9t ng\u00e0y mai t\u1ed1t \u0111\u1eb9p h\u01a1n.<\/p>\n<p>Xin k\u00ednh ch\u00fac Qu\u00fd Kh\u00e1ch h\u00e0ng c\u00f9ng \u0110\u1ed1i t\u00e1c s\u1ee9c kho\u1ebb, h\u1ea1nh ph\u00fac v\u00e0 th\u00e0nh c\u00f4ng.<\/p>\n\t\t<\/div>\n\t\t\t\t\t<\/div>\n\n\t\n\n<style>\n#row-1371273761 > .col > .col-inner {\n  padding: 15px 15px 15px 15px;\n  background-color: rgb(255, 255, 255);\n  border-radius: 5px;\n}\n<\/style>\n<\/div>\n\t\t<\/div>\n\n\t\t\n<style>\n#section_2048192927 {\n  padding-top: 30px;\n  padding-bottom: 30px;\n}\n#section_2048192927 .ux-shape-divider--top svg {\n  height: 150px;\n  --divider-top-width: 100%;\n}\n#section_2048192927 .ux-shape-divider--bottom svg {\n  height: 150px;\n  --divider-width: 100%;\n}\n<\/style>\n\t<\/section>\n\t\n","protected":false},"excerpt":{"rendered":"","protected":false},"author":1,"featured_media":0,"parent":0,"menu_order":0,"comment_status":"closed","ping_status":"closed","template":"page-blank.php","meta":{"footnotes":""},"class_list":["post-146","page","type-page","status-publish","hentry"],"_links":{"self":[{"href":"https:\/\/ecoever.vn\/vi\/wp-json\/wp\/v2\/pages\/146","targetHints":{"allow":["GET"]}}],"collection":[{"href":"https:\/\/ecoever.vn\/vi\/wp-json\/wp\/v2\/pages"}],"about":[{"href":"https:\/\/ecoever.vn\/vi\/wp-json\/wp\/v2\/types\/page"}],"author":[{"embeddable":true,"href":"https:\/\/ecoever.vn\/vi\/wp-json\/wp\/v2\/users\/1"}],"replies":[{"embeddable":true,"href":"https:\/\/ecoever.vn\/vi\/wp-json\/wp\/v2\/comments?post=146"}],"version-history":[{"count":4,"href":"https:\/\/ecoever.vn\/vi\/wp-json\/wp\/v2\/pages\/146\/revisions"}],"predecessor-version":[{"id":585,"href":"https:\/\/ecoever.vn\/vi\/wp-json\/wp\/v2\/pages\/146\/revisions\/585"}],"wp:attachment":[{"href":"https:\/\/ecoever.vn\/vi\/wp-json\/wp\/v2\/media?parent=146"}],"curies":[{"name":"wp","href":"https:\/\/api.w.org\/{rel}","templated":true}]}}