{"id":144,"date":"2023-06-17T01:17:37","date_gmt":"2023-06-17T01:17:37","guid":{"rendered":"https:\/\/ecoever.vn\/?page_id=144"},"modified":"2023-07-26T04:01:59","modified_gmt":"2023-07-26T04:01:59","slug":"ve-chung-toi","status":"publish","type":"page","link":"https:\/\/ecoever.vn\/vi\/ve-chung-toi","title":{"rendered":"V\u1ec1 ch\u00fang t\u00f4i"},"content":{"rendered":"\n  <div class=\"banner has-hover\" id=\"banner-785853998\">\n          <div class=\"banner-inner fill\">\n        <div class=\"banner-bg fill\" >\n            <div class=\"bg fill bg-fill \"><\/div>\n                        <div class=\"overlay\"><\/div>            \n                    <\/div>\n\t\t\n        <div class=\"banner-layers container\">\n            <div class=\"fill banner-link\"><\/div>            \n   <div id=\"text-box-1097572001\" class=\"text-box banner-layer x50 md-x50 lg-x50 y50 md-y50 lg-y50 res-text\">\n                                <div class=\"text-box-content text dark\">\n              \n              <div class=\"text-inner text-center\">\n                  \n<h3 class=\"uppercase\"><strong>V\u1ec0 CH\u00daNG T\u00d4I<\/strong><\/h3>\n<p>Trang ch\u1ee7 \/ V\u1ec1 ch\u00fang t\u00f4i<\/p>\n              <\/div>\n           <\/div>\n                            \n<style>\n#text-box-1097572001 {\n  width: 60%;\n}\n#text-box-1097572001 .text-box-content {\n  font-size: 100%;\n}\n<\/style>\n    <\/div>\n \n        <\/div>\n      <\/div>\n\n            \n<style>\n#banner-785853998 {\n  padding-top: 45%;\n}\n#banner-785853998 .bg.bg-loaded {\n  background-image: url(https:\/\/ecoever.vn\/wp-content\/uploads\/2023\/06\/DSC03653.jpg);\n}\n#banner-785853998 .overlay {\n  background-color: rgba(0, 0, 0, 0.721);\n}\n#banner-785853998 .bg {\n  background-position: 0% 32%;\n}\n#banner-785853998 .ux-shape-divider--top svg {\n  height: 150px;\n  --divider-top-width: 100%;\n}\n#banner-785853998 .ux-shape-divider--bottom svg {\n  height: 150px;\n  --divider-width: 100%;\n}\n@media (min-width:550px) {\n  #banner-785853998 {\n    padding-top: 15%;\n  }\n}\n<\/style>\n  <\/div>\n\n\n\t<section class=\"section\" id=\"section_456745143\">\n\t\t<div class=\"bg section-bg fill bg-fill  bg-loaded\" >\n\n\t\t\t\n\t\t\t\n\t\t\t\n\n\t\t<\/div>\n\n\t\t\n\n\t\t<div class=\"section-content relative\">\n\t\t\t\n<div class=\"row row-small align-middle\"  id=\"row-1317929648\">\n\n\t<div id=\"col-2105079946\" class=\"col medium-7 small-12 large-7\"  data-animate=\"fadeInLeft\">\n\t\t\t\t<div class=\"col-inner\"  >\n\t\t\t\n\t\t\t\n\t<div id=\"text-3455788474\" class=\"text text-footer-t\">\n\t\t\n<h2><strong>C\u00d4NG TY TNHH ECOEVER<\/strong><\/h2>\n<p style=\"text-align: justify;\"><strong>C\u00f4ng ty TNHH Ecoever (EEV) \u0111\u01b0\u1ee3c th\u00e0nh l\u1eadp n\u0103m 2019 v\u1edbi s\u1ef1 tham gia g\u00f3p v\u1ed1n c\u1ee7a c\u00e1c doanh nghi\u1ec7p, c\u00e1 nh\u00e2n c\u00f3 nhi\u1ec1u n\u0103m kinh nghi\u1ec7m trong ho\u1ea1t \u0111\u1ed9ng s\u1ea3n xu\u1ea5t \u2013 kinh doanh, xu\u1ea5t nh\u1eadp kh\u1ea9u \u0111\u1ebfn t\u1eeb Vi\u1ec7t Nam v\u00e0 Nh\u1eadt B\u1ea3n.<\/strong><\/p>\n<p style=\"text-align: justify;\"><strong>Ch\u00fang t\u00f4i nh\u1eadn th\u1ea5y ph\u00e1t tri\u1ec3n kinh t\u1ebf tu\u1ea7n ho\u00e0n l\u00e0 xu h\u01b0\u1edbng \u0111\u00fang \u0111\u1eafn c\u1ee7a x\u00e3 h\u1ed9i hi\u1ec7n \u0111\u1ea1i. Theo \u0111\u00f3, t\u0103ng tr\u01b0\u1edfng kinh t\u1ebf c\u1ea7n song h\u00e0nh v\u1edbi s\u1ee9 m\u1ec7nh b\u1ea3o v\u1ec7 m\u00f4i tr\u01b0\u1eddng, ki\u1ebfn t\u1ea1o x\u00e3 h\u1ed9i v\u0103n minh, h\u1ea1nh ph\u00fac, th\u00e2n thi\u1ec7n h\u01a1n. \u0110\u00f3 ch\u00ednh l\u00e0 s\u1ef1 \u0111\u1ed3ng \u0111i\u1ec7u trong t\u1ea7m nh\u00ecn c\u1ee7a Ban L\u00e3nh \u0111\u1ea1o, t\u1eeb \u0111\u00f3 x\u00e2y d\u1ef1ng n\u00ean tri\u1ebft l\u00fd kinh doanh, v\u0103n h\u00f3a g\u1eafn b\u00f3 gi\u1eefa c\u00e1c th\u00e0nh vi\u00ean trong c\u00f4ng ty, \u0111\u1eb7t n\u1ec1n m\u00f3ng cho s\u1ef1 ra \u0111\u1eddi v\u00e0 ph\u00e1t tri\u1ec3n c\u1ee7a EEV.<\/strong><\/p>\n<p style=\"text-align: justify;\"><strong>T\u0103ng tr\u01b0\u1edfng b\u1ec1n v\u1eefng ch\u1ec9 c\u00f3 th\u1ec3 \u0111\u1ea1t \u0111\u01b0\u1ee3c nh\u1edd vi\u1ec7c x\u00e2y d\u1ef1ng h\u1ec7 th\u1ed1ng v\u00e0 n\u1ec1n t\u1ea3ng v\u1eadn h\u00e0nh t\u1ed1t nh\u1ea5t. Do \u0111\u00f3, EEV \u0111\u00e3 li\u00ean t\u1ee5c \u0111\u1ea7u t\u01b0 v\u00e0o nh\u00e0 m\u00e1y s\u1ea3n xu\u1ea5t, nghi\u00ean c\u1ee9u v\u00e0 ph\u00e1t tri\u1ec3n s\u1ea3n ph\u1ea9m, x\u00e2y d\u1ef1ng th\u01b0\u01a1ng hi\u1ec7u v\u00e0 quan tr\u1ecdng nh\u1ea5t l\u00e0 ngu\u1ed3n nh\u00e2n l\u1ef1c.<\/strong><\/p>\n<p style=\"text-align: justify;\"><strong>Ch\u00fang t\u00f4i tin t\u1eb1ng, b\u1eb1ng kinh nghi\u1ec7m v\u00e0 t\u00e2m th\u1ebf t\u1eadp th\u1ec3, EEV s\u1ebd g\u1eafn v\u1edbi s\u1ef1 ph\u00e1t tri\u1ec3n v\u00e0 th\u1ecbnh v\u01b0\u1ee3ng c\u1ee7a Qu\u00fd Kh\u00e1ch h\u00e0ng, \u0110\u1ed1i t\u00e1c, X\u00e3 h\u1ed9i, Ng\u01b0\u1eddi lao \u0111\u1ed9ng v\u00e0 C\u1ed5 \u0111\u00f4ng, t\u1eeb \u0111\u00f3 th\u1ef1c hi\u1ec7n v\u00e0 lan to\u1ea3 tinh th\u1ea7n c\u1ed1ng hi\u1ebfn cho m\u1ed9t ng\u00e0y mai t\u1ed1t \u0111\u1eb9p h\u01a1n.<\/strong><\/p>\n<p style=\"text-align: justify;\"><strong>Xin k\u00ednh ch\u00fac Qu\u00fd Kh\u00e1ch h\u00e0ng c\u00f9ng \u0110\u1ed1i t\u00e1c s\u1ee9c kho\u1ebb, h\u1ea1nh ph\u00fac v\u00e0 th\u00e0nh c\u00f4ng.<\/strong><\/p>\n\t\t\t<\/div>\n\t\n\t\t<\/div>\n\t\t\t\t\t<\/div>\n\n\t\n\n\t<div id=\"col-1555727894\" class=\"col medium-5 small-12 large-5\"  data-animate=\"fadeInRight\">\n\t\t\t\t<div class=\"col-inner\"  >\n\t\t\t\n\t\t\t\n\t<div class=\"img has-hover x md-x lg-x y md-y lg-y\" id=\"image_669902046\">\n\t\t\t\t\t\t\t\t<div class=\"img-inner dark\" >\n\t\t\t<img loading=\"lazy\" decoding=\"async\" width=\"687\" height=\"715\" src=\"https:\/\/ecoever.vn\/wp-content\/uploads\/2023\/06\/logo.png\" class=\"attachment-original size-original\" alt=\"\" srcset=\"https:\/\/ecoever.vn\/wp-content\/uploads\/2023\/06\/logo.png 687w, https:\/\/ecoever.vn\/wp-content\/uploads\/2023\/06\/logo-600x624.png 600w\" sizes=\"auto, (max-width: 687px) 100vw, 687px\" \/>\t\t\t\t\t\t\n\t\t\t\t\t<\/div>\n\t\t\t\t\t\t\t\t\n<style>\n#image_669902046 {\n  width: 100%;\n}\n<\/style>\n\t<\/div>\n\t\n\t\t<\/div>\n\t\t\t\t\t<\/div>\n\n\t\n<\/div>\n\t\t<\/div>\n\n\t\t\n<style>\n#section_456745143 {\n  padding-top: 30px;\n  padding-bottom: 30px;\n  background-color: rgb(255, 255, 255);\n}\n#section_456745143 .ux-shape-divider--top svg {\n  height: 150px;\n  --divider-top-width: 100%;\n}\n#section_456745143 .ux-shape-divider--bottom svg {\n  height: 150px;\n  --divider-width: 100%;\n}\n<\/style>\n\t<\/section>\n\t\n\t<section class=\"section\" id=\"section_1210434928\">\n\t\t<div class=\"bg section-bg fill bg-fill  bg-loaded\" >\n\n\t\t\t\n\t\t\t\n\t\t\t\n\n\t\t<\/div>\n\n\t\t\n\n\t\t<div class=\"section-content relative\">\n\t\t\t\n<div class=\"row row-small\"  id=\"row-759635862\">\n\n\t<div id=\"col-59873695\" class=\"col small-12 large-12\"  data-animate=\"fadeInUp\">\n\t\t\t\t<div class=\"col-inner\"  >\n\t\t\t\n\t\t\t\n\t<div id=\"text-1628823674\" class=\"text\">\n\t\t\n<h2>L\u1ecaCH S\u1eec PH\u00c1T TRI\u1ec2N<\/h2>\n<p>Sau nhi\u1ec1u n\u0103m x\u00e2y d\u1ef1ng v\u00e0 ph\u00e1t tri\u1ec3n, Ecoever \u0111\u00e3 x\u00e2y d\u1ef1ng th\u00e0nh c\u00f4ng h\u1ec7 sinh th\u00e1i doanh nghi\u1ec7p b\u1ec1n v\u1eefng, th\u00e2n thi\u1ec7n m\u00f4i tr\u01b0\u1eddng h\u00e0ng \u0111\u1ea7u \u0110\u00f4ng Nam \u00c1, \u0111\u00f3ng g\u00f3p l\u1edbn trong vi\u1ec7c x\u00e2y d\u1ef1ng, ph\u00e1t tri\u1ec3n kinh t\u1ebf c\u1ee7a \u0111\u1ea5t n\u01b0\u1edbc.<\/p>\n\t\t\n<style>\n#text-1628823674 {\n  text-align: center;\n}\n<\/style>\n\t<\/div>\n\t\n\t\t<\/div>\n\t\t\t\t\t<\/div>\n\n\t\n\n\t<div id=\"col-509436739\" class=\"col timeline small-12 large-12\"  data-animate=\"fadeInUp\">\n\t\t\t\t<div class=\"col-inner\"  >\n\t\t\t\n\t\t\t\n<div class=\"row row-collapse\"  id=\"row-683456552\">\n\n\t<div id=\"col-1365663772\" class=\"col medium-6 small-12 large-6\"  >\n\t\t\t\t<div class=\"col-inner\"  >\n\t\t\t\n\t\t\t\n\t\t<\/div>\n\t\t\t\t\t<\/div>\n\n\t\n\n\t<div id=\"col-116470312\" class=\"col medium-6 small-12 large-6\"  >\n\t\t\t\t<div class=\"col-inner\"  >\n\t\t\t\n\t\t\t\n\n\t\t<div class=\"icon-box featured-box icon-box-left text-left\"  >\n\t\t\t\t\t<div class=\"icon-box-img\" style=\"width: 30px\">\n\t\t\t\t<div class=\"icon\">\n\t\t\t\t\t<div class=\"icon-inner\" >\n\t\t\t\t\t\t<img loading=\"lazy\" decoding=\"async\" width=\"34\" height=\"28\" src=\"https:\/\/ecoever.vn\/wp-content\/uploads\/2023\/06\/icon1.png\" class=\"attachment-medium size-medium\" alt=\"\" \/>\t\t\t\t\t<\/div>\n\t\t\t\t<\/div>\n\t\t\t<\/div>\n\t\t\t\t<div class=\"icon-box-text last-reset\">\n\t\t\t\t\t\t\t\t\t\n<p style=\"margin-bottom: 10px; text-align: left;\"><strong><span style=\"color: #8cc63c;\">N\u0103m 2019<\/span><\/strong><\/p>\n<p style=\"text-align: justify;\"><span style=\"font-size: 100%; color: #000000;\">Quy\u1ebft \u0111\u1ecbnh th\u00e0nh l\u1eadp c\u00f4ng ty<\/span><\/p>\n\t\t<\/div>\n\t<\/div>\n\t\n\t\n\t\t<\/div>\n\t\t\t\t\t<\/div>\n\n\t\n<\/div>\n<div class=\"row row-collapse\"  id=\"row-2023770378\">\n\n\t<div id=\"col-965804552\" class=\"col medium-6 small-12 large-6\"  >\n\t\t\t\t<div class=\"col-inner\"  >\n\t\t\t\n\t\t\t\n\t<div id=\"gap-60918807\" class=\"gap-element clearfix show-for-small\" style=\"display:block; height:auto;\">\n\t\t\n<style>\n#gap-60918807 {\n  padding-top: 30px;\n}\n<\/style>\n\t<\/div>\n\t\n\n\t\t<div class=\"icon-box featured-box icon-box-right text-right\"  >\n\t\t\t\t\t<div class=\"icon-box-img\" style=\"width: 30px\">\n\t\t\t\t<div class=\"icon\">\n\t\t\t\t\t<div class=\"icon-inner\" >\n\t\t\t\t\t\t<img loading=\"lazy\" decoding=\"async\" width=\"34\" height=\"28\" src=\"https:\/\/ecoever.vn\/wp-content\/uploads\/2023\/06\/icon2.png\" class=\"attachment-medium size-medium\" alt=\"\" \/>\t\t\t\t\t<\/div>\n\t\t\t\t<\/div>\n\t\t\t<\/div>\n\t\t\t\t<div class=\"icon-box-text last-reset\">\n\t\t\t\t\t\t\t\t\t\n<p style=\"margin-bottom: 10px; text-align: right;\"><strong><span style=\"color: #8cc63c;\">Th\u00e1ng 1\/2020<\/span><\/strong><\/p>\n<p style=\"text-align: justify;\"><span style=\"font-size: 100%; color: #000000;\">Nh\u1eadp kh\u1ea9u m\u00e1y m\u00f3c thi\u1ebft b\u1ecb chu\u1ea9n b\u1ecb s\u1ea3n xu\u1ea5t th\u00ec covid x\u1ea3y ra n\u00ean chuy\u00ean gia n\u01b0\u1edbc ngo\u00e0i kh\u00f4ng th\u1ec3 \u0111\u1ebfn h\u01b0\u1edbng d\u1eabn l\u1eafp \u0111\u1eb7t v\u00e0 chuy\u1ec3n giao c\u00f4ng ngh\u1ec7;<\/span><\/p>\n\t\t<\/div>\n\t<\/div>\n\t\n\t\n\t\t<\/div>\n\t\t\t\t\n<style>\n#col-965804552 > .col-inner {\n  margin: 0px 0px 0px 12px;\n}\n<\/style>\n\t<\/div>\n\n\t\n\n\t<div id=\"col-555777980\" class=\"col medium-6 small-12 large-6\"  >\n\t\t\t\t<div class=\"col-inner\"  >\n\t\t\t\n\t\t\t\n\t\t<\/div>\n\t\t\t\t\t<\/div>\n\n\t\n<\/div>\n<div class=\"row row-collapse\"  id=\"row-1614802346\">\n\n\t<div id=\"col-1595579291\" class=\"col medium-6 small-12 large-6\"  >\n\t\t\t\t<div class=\"col-inner\"  >\n\t\t\t\n\t\t\t\n\t\t<\/div>\n\t\t\t\t\t<\/div>\n\n\t\n\n\t<div id=\"col-788025788\" class=\"col medium-6 small-12 large-6\"  >\n\t\t\t\t<div class=\"col-inner\"  >\n\t\t\t\n\t\t\t\n\t<div id=\"gap-1953892948\" class=\"gap-element clearfix show-for-small\" style=\"display:block; height:auto;\">\n\t\t\n<style>\n#gap-1953892948 {\n  padding-top: 30px;\n}\n<\/style>\n\t<\/div>\n\t\n\n\t\t<div class=\"icon-box featured-box icon-box-left text-left\"  >\n\t\t\t\t\t<div class=\"icon-box-img\" style=\"width: 30px\">\n\t\t\t\t<div class=\"icon\">\n\t\t\t\t\t<div class=\"icon-inner\" >\n\t\t\t\t\t\t<img loading=\"lazy\" decoding=\"async\" width=\"34\" height=\"28\" src=\"https:\/\/ecoever.vn\/wp-content\/uploads\/2023\/06\/icon1.png\" class=\"attachment-medium size-medium\" alt=\"\" \/>\t\t\t\t\t<\/div>\n\t\t\t\t<\/div>\n\t\t\t<\/div>\n\t\t\t\t<div class=\"icon-box-text last-reset\">\n\t\t\t\t\t\t\t\t\t\n<p style=\"margin-bottom: 10px; text-align: left;\"><strong><span style=\"color: #8cc63c;\">Th\u00e1ng 5\/2022<\/span><\/strong><\/p>\n<p style=\"text-align: justify;\"><span style=\"font-size: 100%; color: #000000;\">Kh\u00f4i ph\u1ee5c sau covid. \u0110\u00f3n chuy\u00ean gia n\u01b0\u1edbc ngo\u00e0i \u0111\u1ebfn l\u1eafp \u0111\u1eb7t, v\u1eadn h\u00e0nh ch\u1ea1y th\u1eed v\u00e0 \u0111\u00e0o t\u1ea1o ng\u01b0\u1eddi lao \u0111\u1ed9ng;<\/span><\/p>\n\t\t<\/div>\n\t<\/div>\n\t\n\t\n\t\t<\/div>\n\t\t\t\t\t<\/div>\n\n\t\n<\/div>\n\t<div id=\"gap-1442540052\" class=\"gap-element clearfix show-for-small\" style=\"display:block; height:auto;\">\n\t\t\n<style>\n#gap-1442540052 {\n  padding-top: 30px;\n}\n<\/style>\n\t<\/div>\n\t\n<div class=\"row row-collapse\"  id=\"row-329469259\">\n\n\t<div id=\"col-1848339150\" class=\"col medium-6 small-12 large-6\"  >\n\t\t\t\t<div class=\"col-inner\"  >\n\t\t\t\n\t\t\t\n\n\t\t<div class=\"icon-box featured-box icon-box-right text-right\"  >\n\t\t\t\t\t<div class=\"icon-box-img\" style=\"width: 30px\">\n\t\t\t\t<div class=\"icon\">\n\t\t\t\t\t<div class=\"icon-inner\" >\n\t\t\t\t\t\t<img loading=\"lazy\" decoding=\"async\" width=\"34\" height=\"28\" src=\"https:\/\/ecoever.vn\/wp-content\/uploads\/2023\/06\/icon2.png\" class=\"attachment-medium size-medium\" alt=\"\" \/>\t\t\t\t\t<\/div>\n\t\t\t\t<\/div>\n\t\t\t<\/div>\n\t\t\t\t<div class=\"icon-box-text last-reset\">\n\t\t\t\t\t\t\t\t\t\n<p style=\"margin-bottom: 10px; text-align: right;\"><strong><span style=\"color: #8cc63c;\">Th\u00e1ng 9\/2022<\/span><\/strong><\/p>\n<p style=\"text-align: justify;\"><span style=\"font-size: 100%; color: #000000;\">S\u1ea3n xu\u1ea5t th\u00e0nh c\u00f4ng s\u1ea3n ph\u1ea9m \u0111\u1ea7u ti\u00ean;<\/span><\/p>\n\t\t<\/div>\n\t<\/div>\n\t\n\t\n\t\t<\/div>\n\t\t\t\t\n<style>\n#col-1848339150 > .col-inner {\n  margin: 0px 0px 0px 12px;\n}\n<\/style>\n\t<\/div>\n\n\t\n\n\t<div id=\"col-724624846\" class=\"col medium-6 small-12 large-6\"  >\n\t\t\t\t<div class=\"col-inner\"  >\n\t\t\t\n\t\t\t\n\t\t<\/div>\n\t\t\t\t\t<\/div>\n\n\t\n<\/div>\n<div class=\"row row-collapse\"  id=\"row-1550784081\">\n\n\t<div id=\"col-1192645598\" class=\"col medium-6 small-12 large-6\"  >\n\t\t\t\t<div class=\"col-inner\"  >\n\t\t\t\n\t\t\t\n\t\t<\/div>\n\t\t\t\t\t<\/div>\n\n\t\n\n\t<div id=\"col-504625623\" class=\"col medium-6 small-12 large-6\"  >\n\t\t\t\t<div class=\"col-inner\"  >\n\t\t\t\n\t\t\t\n\t<div id=\"gap-116884918\" class=\"gap-element clearfix show-for-small\" style=\"display:block; height:auto;\">\n\t\t\n<style>\n#gap-116884918 {\n  padding-top: 30px;\n}\n<\/style>\n\t<\/div>\n\t\n\n\t\t<div class=\"icon-box featured-box icon-box-left text-left\"  >\n\t\t\t\t\t<div class=\"icon-box-img\" style=\"width: 30px\">\n\t\t\t\t<div class=\"icon\">\n\t\t\t\t\t<div class=\"icon-inner\" >\n\t\t\t\t\t\t<img loading=\"lazy\" decoding=\"async\" width=\"34\" height=\"28\" src=\"https:\/\/ecoever.vn\/wp-content\/uploads\/2023\/06\/icon1.png\" class=\"attachment-medium size-medium\" alt=\"\" \/>\t\t\t\t\t<\/div>\n\t\t\t\t<\/div>\n\t\t\t<\/div>\n\t\t\t\t<div class=\"icon-box-text last-reset\">\n\t\t\t\t\t\t\t\t\t\n<p style=\"margin-bottom: 10px; text-align: left;\"><strong><span style=\"color: #8cc63c;\">Th\u00e1ng 10\/2022<\/span><\/strong><\/p>\n<p style=\"text-align: justify;\"><span style=\"font-size: 100%; color: #000000;\">Xu\u1ea5t kh\u1ea9u th\u00e0nh c\u00f4ng l\u00f4 h\u00e0ng \u0111\u1ea7u ti\u00ean cho th\u1ecb tr\u01b0\u1eddng Nh\u1eadt B\u1ea3n<\/span><\/p>\n\t\t<\/div>\n\t<\/div>\n\t\n\t\n\t\t<\/div>\n\t\t\t\t\t<\/div>\n\n\t\n<\/div>\n\t\t<\/div>\n\t\t\t\t\n<style>\n#col-509436739 > .col-inner {\n  padding: 0px 15px 0px 15px;\n}\n<\/style>\n\t<\/div>\n\n\t\n<\/div>\n\t\t<\/div>\n\n\t\t\n<style>\n#section_1210434928 {\n  padding-top: 30px;\n  padding-bottom: 30px;\n}\n#section_1210434928 .ux-shape-divider--top svg {\n  height: 150px;\n  --divider-top-width: 100%;\n}\n#section_1210434928 .ux-shape-divider--bottom svg {\n  height: 150px;\n  --divider-width: 100%;\n}\n<\/style>\n\t<\/section>\n\t\n\t<section class=\"section\" id=\"section_654295055\">\n\t\t<div class=\"bg section-bg fill bg-fill  bg-loaded\" >\n\n\t\t\t\n\t\t\t\n\t\t\t\n\n\t\t<\/div>\n\n\t\t\n\n\t\t<div class=\"section-content relative\">\n\t\t\t\n<div class=\"row row-small\"  id=\"row-1863622900\">\n\n\t<div id=\"col-598589079\" class=\"col medium-6 small-12 large-6\"  >\n\t\t\t\t<div class=\"col-inner\"  >\n\t\t\t\n\t\t\t\n\t<div class=\"img has-hover x md-x lg-x y md-y lg-y\" id=\"image_1320037050\">\n\t\t\t\t\t\t\t\t<div class=\"img-inner dark\" >\n\t\t\t<img loading=\"lazy\" decoding=\"async\" width=\"1900\" height=\"1267\" src=\"https:\/\/ecoever.vn\/wp-content\/uploads\/2023\/06\/DSC03767.jpg\" class=\"attachment-original size-original\" alt=\"\" srcset=\"https:\/\/ecoever.vn\/wp-content\/uploads\/2023\/06\/DSC03767.jpg 1900w, https:\/\/ecoever.vn\/wp-content\/uploads\/2023\/06\/DSC03767-600x400.jpg 600w, https:\/\/ecoever.vn\/wp-content\/uploads\/2023\/06\/DSC03767-768x512.jpg 768w, https:\/\/ecoever.vn\/wp-content\/uploads\/2023\/06\/DSC03767-1536x1024.jpg 1536w\" sizes=\"auto, (max-width: 1900px) 100vw, 1900px\" \/>\t\t\t\t\t\t\n\t\t\t\t\t<\/div>\n\t\t\t\t\t\t\t\t\n<style>\n#image_1320037050 {\n  width: 100%;\n}\n<\/style>\n\t<\/div>\n\t\n\t\t<\/div>\n\t\t\t\t\t<\/div>\n\n\t\n\n\t<div id=\"col-1116682883\" class=\"col medium-6 small-12 large-6\"  >\n\t\t\t\t<div class=\"col-inner\"  >\n\t\t\t\n\t\t\t\n<h2>NH\u00c0 M\u00c1Y<\/h2>\n<p style=\"text-align: justify;\">Khi tham gia v\u00e0o l\u0129nh v\u1ef1c s\u1ea3n xu\u1ea5t bao b\u00ec th\u00e2n thi\u1ec7n m\u00f4i tr\u01b0\u1eddng, EEV c\u00f3 chi\u1ebfn l\u01b0\u1ee3c ri\u00eang \u0111\u1ec3 v\u01b0\u01a1n l\u00ean v\u1ecb tr\u00ed d\u1eabn \u0111\u1ea7u trong khu v\u1ef1c. Trong \u0111\u00f3, ch\u00fang t\u00f4i ch\u00fa tr\u1ecdng v\u00e0o x\u00e2y d\u1ef1ng nh\u00e0 m\u00e1y s\u1ea3n xu\u1ea5t quy m\u00f4 v\u1edbi c\u00f4ng ngh\u1ec7 hi\u1ec7n \u0111\u1ea1i h\u00e0ng \u0111\u1ea7u th\u1ebf gi\u1edbi. Nh\u1edd hi\u1ec7u qu\u1ea3 t\u1eeb quy m\u00f4 l\u1edbn, EEV h\u01b0\u1edbng t\u1edbi vi\u1ec7c th\u00fac \u0111\u1ea9y n\u0103ng su\u1ea5t nh\u1eb1m \u0111\u00e1p \u1ee9ng c\u00e1c nhu c\u1ea7u ng\u00e0y cang cao c\u1ee7a kh\u00e1ch h\u00e0ng v\u1edbi m\u1ee9c gi\u00e1 h\u1ee3p l\u00fd h\u01a1n.<\/p>\n<p style=\"text-align: justify;\">Giai \u0111o\u1ea1n 1: 12 d\u00e2y chuy\u1ec1n s\u1ea3n xu\u1ea5t v\u1edbi c\u00f4ng su\u1ea5t t\u1ed1i \u0111a \u0111\u1ea1t 150 t\u1ea5n\/th\u00e1ng \u0111\u00e3 \u0111i v\u00e0o ho\u1ea1t \u0111\u1ed9ng<\/p>\n<p style=\"text-align: justify;\">Giai \u0111o\u1ea1n 2: D\u1ef1 ki\u1ebfn \u0111\u1ea7u t\u01b0 m\u1edf r\u1ed9ng nh\u00e0 m\u00e1y trong giai \u0111o\u1ea1n 2025-2026 v\u1edbi 50 m\u00e1y, s\u1ea3n l\u01b0\u1ee3ng t\u1ed1i \u0111a d\u1ef1 ki\u1ebfn \u0111\u1ea1t 650 t\u1ea5n\/th\u00e1ng.<\/p>\n\t\t<\/div>\n\t\t\t\t\t<\/div>\n\n\t\n<\/div>\n\t\t<\/div>\n\n\t\t\n<style>\n#section_654295055 {\n  padding-top: 30px;\n  padding-bottom: 30px;\n  background-color: rgb(255, 255, 255);\n}\n#section_654295055 .ux-shape-divider--top svg {\n  height: 150px;\n  --divider-top-width: 100%;\n}\n#section_654295055 .ux-shape-divider--bottom svg {\n  height: 150px;\n  --divider-width: 100%;\n}\n<\/style>\n\t<\/section>\n\t\n","protected":false},"excerpt":{"rendered":"","protected":false},"author":1,"featured_media":0,"parent":0,"menu_order":0,"comment_status":"closed","ping_status":"closed","template":"page-blank.php","meta":{"footnotes":""},"class_list":["post-144","page","type-page","status-publish","hentry"],"_links":{"self":[{"href":"https:\/\/ecoever.vn\/vi\/wp-json\/wp\/v2\/pages\/144","targetHints":{"allow":["GET"]}}],"collection":[{"href":"https:\/\/ecoever.vn\/vi\/wp-json\/wp\/v2\/pages"}],"about":[{"href":"https:\/\/ecoever.vn\/vi\/wp-json\/wp\/v2\/types\/page"}],"author":[{"embeddable":true,"href":"https:\/\/ecoever.vn\/vi\/wp-json\/wp\/v2\/users\/1"}],"replies":[{"embeddable":true,"href":"https:\/\/ecoever.vn\/vi\/wp-json\/wp\/v2\/comments?post=144"}],"version-history":[{"count":25,"href":"https:\/\/ecoever.vn\/vi\/wp-json\/wp\/v2\/pages\/144\/revisions"}],"predecessor-version":[{"id":584,"href":"https:\/\/ecoever.vn\/vi\/wp-json\/wp\/v2\/pages\/144\/revisions\/584"}],"wp:attachment":[{"href":"https:\/\/ecoever.vn\/vi\/wp-json\/wp\/v2\/media?parent=144"}],"curies":[{"name":"wp","href":"https:\/\/api.w.org\/{rel}","templated":true}]}}